{"id":134228,"date":"2018-05-22T18:43:06","date_gmt":"2018-05-22T18:43:06","guid":{"rendered":"https:\/\/atanga.de\/?page_id=134228"},"modified":"2018-05-24T14:45:00","modified_gmt":"2018-05-24T14:45:00","slug":"datenauszug","status":"publish","type":"page","link":"https:\/\/atanga.de\/?page_id=134228","title":{"rendered":"Datenauszug"},"content":{"rendered":"<!-- PMB print buttons is only displayed on a single post\/page URLs--><p>Lieber User. Hier k\u00f6nnen Sie eine Anfrage an uns schicken, welche Daten wir von Ihnen gespeichert haben.<br \/>\nS\u00e4mtliche Daten in ihrer Datenbank werden auf vertrauliche Daten \u00fcberpr\u00fcft und dem Ihnen per Email gesendet. Das sollte eigentlich innerhalb von 2 Tagen geschehen. Bitte \u00fcberpr\u00fcfen Sie auch Ihren Spam Ordner. Sollten Sie keine Nachricht erhalten, dann kontaktieren Sie mich bitte unter: crew (\u00e4t) atanga.de<\/p>\n  \r\n            <div class=\"sp-dsgvo sp-sar-form\">\r\n            <form method=\"post\" action=\"https:\/\/atanga.de\/wp-admin\/admin-ajax.php?action=subject-access-request\" class=\"sp-dsgvo-framework\">\r\n                <input type=\"hidden\" id=\"_wpnonce\" name=\"_wpnonce\" value=\"b1d8da03c4\" \/><input type=\"hidden\" name=\"_wp_http_referer\" value=\"\/index.php?rest_route=%2Fwp%2Fv2%2Fpages%2F134228\" \/>                <fieldset>\r\n\r\n                \t<div class=\"lwb-row\">\r\n                \t\t<div class=\"lwb-col-3\">\r\n                \t\t\t<label for=\"email-field\">Vorname<\/label>\r\n                \t\t<\/div>\r\n                        <div class=\"lwb-col-6\">\r\n                            <input class=\"w-100\" required type=\"text\" id=\"first-name-field\" name=\"first_name\" value=\"\" placeholder=\"Vorname\" spellcheck=\"false\" \/>\r\n                        <\/div>\r\n                \t<\/div>\r\n\r\n                    <div class=\"lwb-row\">\r\n                        <div class=\"lwb-col-3\">\r\n                            <label for=\"email-field\">Nachname<\/label>\r\n                        <\/div>\r\n                        <div class=\"lwb-col-6\">\r\n                            <input class=\"w-100\" required type=\"text\" id=\"last-name-field\" name=\"last_name\" value=\"\" placeholder=\"Nachname\" spellcheck=\"false\" \/>\r\n                        <\/div>\r\n                    <\/div>\r\n\r\n                   <div class=\"lwb-row\">\r\n\t\t\t\t\t\t<div class=\"lwb-col-3\">\r\n                    \t\t<label for=\"email-field\">Email<\/label>\r\n\t\t\t\t\t\t<\/div>\r\n                        <div class=\"lwb-col-6\">\r\n                            <input class=\"w-100\" required type=\"email\" id=\"email-field\" name=\"email\" value=\"\" placeholder=\"Email\" spellcheck=\"false\" \/>\r\n                        <\/div>\r\n                    <\/div>\r\n                    <div class=\"lwb-row form-row-website-cap\">\r\n                        <div class=\"lwb-col-3\">\r\n                            <label for=\"email-field\">Webseite<\/label>\r\n                        <\/div>\r\n                        <div class=\"lwb-col-6\">\r\n                            <input class=\"w-100\" type=\"text\" id=\"website\" name=\"website\" value=\"\" placeholder=\"\" spellcheck=\"false\" \/>\r\n                        <\/div>\r\n                    <\/div>\r\n\r\n                    <div class=\"lwb-row\">\r\n\t\t\t\t\t\t<div class=\"lwb-col-12\">\r\n                    \t\t<label for=\"dsgvo-checkbox\">\r\n                   \t\t\t \t<input required type=\"checkbox\" id=\"dsgvo-checkbox\" name=\"dsgvo_checkbox\" value=\"1\" \/>\r\n                   \t\t\t \t<span style=\"font-weight:normal\">\r\n                                                                        Ich stimme der Speicherung der Daten zur Verarbeitung im Sinne der DSGVO zu.                                <\/span>\r\n                   \t\t\t <\/label>\r\n\t\t\t\t\t\t<\/div>\r\n                    <\/div>\r\n                    <br>\r\n                    <input type=\"submit\" value=\"Anfrage absenden\" \/>\r\n                <\/fieldset>\r\n            <\/form>\r\n    <\/div>\r\n            \n<div class=\"pld-like-dislike-wrap pld-template-1\">\r\n    <div class=\"pld-like-wrap  pld-common-wrap\">\r\n    <a href=\"javascript:void(0)\" class=\"pld-like-trigger pld-like-dislike-trigger  \" title=\"gef\u00e4llt mir\" data-post-id=\"134228\" data-trigger-type=\"like\" data-restriction=\"cookie\" data-already-liked=\"0\">\r\n                        <i class=\"fas fa-thumbs-up\"><\/i>\r\n                <\/a>\r\n    <span class=\"pld-like-count-wrap pld-count-wrap\">    <\/span>\r\n<\/div><div class=\"pld-dislike-wrap  pld-common-wrap\">\r\n    <a href=\"javascript:void(0)\" class=\"pld-dislike-trigger pld-like-dislike-trigger  \" title=\"doof\" data-post-id=\"134228\" data-trigger-type=\"dislike\" data-restriction=\"cookie\" data-already-liked=\"0\">\r\n                        <i class=\"fas fa-thumbs-down\"><\/i>\r\n                <\/a>\r\n    <span class=\"pld-dislike-count-wrap pld-count-wrap\"><\/span>\r\n<\/div><\/div>","protected":false},"excerpt":{"rendered":"<p>Lieber User. Hier k\u00f6nnen Sie eine Anfrage an uns schicken, welche Daten wir von Ihnen gespeichert haben. S\u00e4mtliche Daten in ihrer Datenbank werden auf vertrauliche Daten \u00fcberpr\u00fcft und dem Ihnen per Email gesendet. Das sollte eigentlich innerhalb von 2 Tagen geschehen. Bitte \u00fcberpr\u00fcfen Sie auch Ihren Spam Ordner. Sollten Sie keine Nachricht erhalten, dann kontaktieren [&hellip;]<\/p>\n","protected":false},"author":3,"featured_media":0,"parent":0,"menu_order":0,"comment_status":"closed","ping_status":"closed","template":"","meta":{"footnotes":""},"class_list":["post-134228","page","type-page","status-publish","hentry"],"_links":{"self":[{"href":"https:\/\/atanga.de\/index.php?rest_route=\/wp\/v2\/pages\/134228","targetHints":{"allow":["GET"]}}],"collection":[{"href":"https:\/\/atanga.de\/index.php?rest_route=\/wp\/v2\/pages"}],"about":[{"href":"https:\/\/atanga.de\/index.php?rest_route=\/wp\/v2\/types\/page"}],"author":[{"embeddable":true,"href":"https:\/\/atanga.de\/index.php?rest_route=\/wp\/v2\/users\/3"}],"replies":[{"embeddable":true,"href":"https:\/\/atanga.de\/index.php?rest_route=%2Fwp%2Fv2%2Fcomments&post=134228"}],"version-history":[{"count":4,"href":"https:\/\/atanga.de\/index.php?rest_route=\/wp\/v2\/pages\/134228\/revisions"}],"predecessor-version":[{"id":136404,"href":"https:\/\/atanga.de\/index.php?rest_route=\/wp\/v2\/pages\/134228\/revisions\/136404"}],"wp:attachment":[{"href":"https:\/\/atanga.de\/index.php?rest_route=%2Fwp%2Fv2%2Fmedia&parent=134228"}],"curies":[{"name":"wp","href":"https:\/\/api.w.org\/{rel}","templated":true}]}}