{"id":134244,"date":"2018-05-23T16:52:02","date_gmt":"2018-05-23T16:52:02","guid":{"rendered":"https:\/\/atanga.de\/?page_id=134244"},"modified":"2020-07-30T21:26:29","modified_gmt":"2020-07-30T21:26:29","slug":"durch-den-panamakanal-mit-oder-ohne-agenten","status":"publish","type":"page","link":"https:\/\/atanga.de\/?page_id=134244","title":{"rendered":"Durch den Panamakanal &#8211; mit oder ohne Agenten? 2018"},"content":{"rendered":"<!-- PMB print buttons is only displayed on a single post\/page URLs--><p>&#8222;Einen Agenten brauchst du nicht, das Geld kannst du sparen&#8220;, sagen die einen.<br \/>\n&#8222;Lieber mit Agenten, das ist sch\u00f6n bequem&#8220;, sagen die anderen.<\/p>\n<p>Die Bef\u00fcrworter und Gegner d\u00fcrften sich in etwa die Waage halten.<br \/>\nRichtig ist, dass die Panama Kanal Passage ohne Agenten\u00a0prima funktioniert. Es gibt im Netz gute Anleitungen, wie man das alleine bewerkstelligen kann.<\/p>\n<p><a href=\"http:\/\/www.radiopelicano.de\/anleitung-zum-durchqueren-des-panamakanals-ohne-agenten\/\" target=\"_blank\" rel=\"noopener noreferrer\">http:\/\/www.radiopelicano.de\/anleitung-zum-durchqueren-des-panamakanals-ohne-agenten\/<\/a><\/p>\n<p><a href=\"https:\/\/www.blauwasser.de\/panamakanal\" target=\"_blank\" rel=\"noopener noreferrer\">www.blauwasser.de<\/a><\/p>\n<p><a href=\"http:\/\/bluelilly.at\/?page_id=1794\" target=\"_blank\" rel=\"noopener noreferrer\">http:\/\/bluelilly.at\/?page_id=1794<\/a><\/p>\n<p>Bequemer ist es zweifelslos mit Agenten. Eine eMail, und alles wird organisiert.<br \/>\nDa bleibt die Entscheidung, wie viel ist mir meine Bequemlichkeit wert?<\/p>\n<p><strong>Wie viel spart man wirklich, wenn man seine Panamakanal Passage selber organisiert?<\/strong><\/p>\n<p>Alle Angaben in meinem Vergleich sind in USD und f\u00fcr ein Schiff unter 50 Fuss, Stand April 2018.<br \/>\nAlle Ausgaben, die ohne Agenten entstehen, habe ich konservativ angesetzt. In Wahrheit d\u00fcrften sie dar\u00fcber liegen.<br \/>\nStandort f\u00fcr die Organisation der Passage ist die Shelter Bay Marina. Von hier treten die meisten Segler ihre Kanal Passage an. Wer in den &#8218;Flats&#8216; ankert und dorthin den Schiffs-Vermesser bestellt, spart die Marina Kosten, muss sich aber \u00fcberlegen, wie er die Leinen und seine Line-Handler an Bord bekommt. Infrastruktur besteht keine an dem schwelligen Ankerplatz der Flats. Im Club Nautico ist ein Anlanden in der Zwischenzeit wohl untersagt.<br \/>\nDaher habe ich diese Option nicht in die Betrachtung einbezogen.<\/p>\n<p><strong>Kanal Geb\u00fchren<\/strong><br \/>\nDie Geb\u00fchren betragen &#8211; mit und ohne Agenten &#8211; das Gleiche: <strong>984 USD<\/strong>.<br \/>\nDer Agent kommt zum Schiff angereist und akzeptiert eine Kreditkarten-Zahlung.<br \/>\nOhne Agenten sind die Geb\u00fchren bar in der Citibank in Col\u00f3n einzubezahlen. F\u00fcr die Barabhebung fallen Bankspesen der lokalen Bank an. (500 USD pro Tag\/Karte m\u00f6glich in Panama).<br \/>\nF\u00fcr die Einzahlung in der Citibank entstehen Taxikosten. Col\u00f3n gilt als unsicher, so dass niemand in \u00f6ffentlichen Verkehrsmitteln oder zu Fu\u00df viel Geld bei sich tragen wird.<\/p>\n<div id=\"attachment_134275\" style=\"width: 686px\" class=\"wp-caption alignnone\"><a class=\"boxersandswipers\" title=\"Kanal Geb\u00fchren - Nebenkosten der Bareinzahlung\" href=\"https:\/\/atanga.de\/wp-content\/uploads\/2018\/05\/1-Kanal-2.jpg\"><img decoding=\"async\" aria-describedby=\"caption-attachment-134275\" class=\"wp-image-134275 size-full\" src=\"https:\/\/atanga.de\/wp-content\/uploads\/2018\/05\/1-Kanal-2.jpg\" alt=\"Kanal Geb\u00fchren - Nebenkosten der Bareinzahlung\" width=\"676\" height=\"101\" srcset=\"https:\/\/atanga.de\/wp-content\/uploads\/2018\/05\/1-Kanal-2.jpg 676w, https:\/\/atanga.de\/wp-content\/uploads\/2018\/05\/1-Kanal-2-300x45.jpg 300w, https:\/\/atanga.de\/wp-content\/uploads\/2018\/05\/1-Kanal-2-624x93.jpg 624w\" sizes=\"(max-width: 676px) 100vw, 676px\" \/><\/a><p id=\"caption-attachment-134275\" class=\"wp-caption-text\">Kanal Geb\u00fchren &#8211; Nebenkosten der Bareinzahlung<\/p><\/div>\n<p><strong>Kaution<\/strong><br \/>\nOhne Agenten wird eine Kaution von 800 USD verlangt. Die R\u00fcckzahlung soll reibungslos erfolgen. Wer jedoch auf der Pazifikseite gleich weiter segeln m\u00f6chte, hat keine Zeit dies zu \u00fcberwachen.<br \/>\nDie Kaution muss ebenfalls in bar bei der Citibank eingezahlt werden. Bei der R\u00fcckzahlung der Kaution beh\u00e4lt die Kanalbeh\u00f6rde 25 USD Spesen ein. Wer kein USD Konto besitzt, wird von seiner Bank mit Bankspesen belastet, wenn die Kaution in USD auf ein EUR Konto zur\u00fcck erstattet wird.<\/p>\n<div id=\"attachment_134271\" style=\"width: 686px\" class=\"wp-caption alignnone\"><a class=\"boxersandswipers\" title=\"Kaution - Nebenkosten durch die R\u00fcckerstattung\" href=\"https:\/\/atanga.de\/wp-content\/uploads\/2018\/05\/2-Spesen.jpg\"><img decoding=\"async\" aria-describedby=\"caption-attachment-134271\" class=\"wp-image-134271 size-full\" src=\"https:\/\/atanga.de\/wp-content\/uploads\/2018\/05\/2-Spesen.jpg\" alt=\"Kaution - Nebenkosten durch die R\u00fcckerstattung\" width=\"676\" height=\"121\" srcset=\"https:\/\/atanga.de\/wp-content\/uploads\/2018\/05\/2-Spesen.jpg 676w, https:\/\/atanga.de\/wp-content\/uploads\/2018\/05\/2-Spesen-300x54.jpg 300w, https:\/\/atanga.de\/wp-content\/uploads\/2018\/05\/2-Spesen-624x112.jpg 624w\" sizes=\"(max-width: 676px) 100vw, 676px\" \/><\/a><p id=\"caption-attachment-134271\" class=\"wp-caption-text\">Kaution &#8211; Nebenkosten durch die R\u00fcckerstattung<\/p><\/div>\n<p>&nbsp;<\/p>\n<p><strong> Agent<\/strong><br \/>\nDie Geb\u00fchren schwanken von Agent zu Agent. Zwischen 200 und 600 USD\u00a0ist alles m\u00f6glich. Bei den g\u00fcnstigen Agenten ist Vorsicht geraten. Nicht alle &#8218;Agenten&#8216; sind von der Kanal Beh\u00f6rde anerkannt. Wir trafen in der Shelter Bay Marina einen Engl\u00e4nder, der hat m\u00fchsam versucht von seinem nicht akzeptierten Agenten bereits gezahlte 200 USD zur\u00fcck zu bekommen.<br \/>\nWir nutzten als Agenten <em>Erick Galves<\/em> von <a href=\"http:\/\/www.centenarioconsulting.com\/.\" target=\"_blank\" rel=\"noopener noreferrer\">http:\/\/www.centenarioconsulting.com\/.<\/a><br \/>\nEr liegt preislich im Mittelfeld und hat einen ausgezeichneten Ruf.<br \/>\nAnerkannte Agenten findet man im &#8218;Cruisers Resource Guide for Panama City&#8216; zum download auf\u00a0 <a href=\"http:\/\/www.noonsite.com\/Countries\/Panama\" target=\"_blank\" rel=\"noopener noreferrer\">Noonsite<\/a><\/p>\n<div id=\"attachment_134267\" style=\"width: 686px\" class=\"wp-caption alignnone\"><a class=\"boxersandswipers\" title=\"Agentengeb\u00fchren\" href=\"https:\/\/atanga.de\/wp-content\/uploads\/2018\/05\/3-Agent.jpg\"><img decoding=\"async\" aria-describedby=\"caption-attachment-134267\" class=\"wp-image-134267 size-full\" src=\"https:\/\/atanga.de\/wp-content\/uploads\/2018\/05\/3-Agent.jpg\" alt=\"Agentengeb\u00fchren\" width=\"676\" height=\"81\" srcset=\"https:\/\/atanga.de\/wp-content\/uploads\/2018\/05\/3-Agent.jpg 676w, https:\/\/atanga.de\/wp-content\/uploads\/2018\/05\/3-Agent-300x36.jpg 300w, https:\/\/atanga.de\/wp-content\/uploads\/2018\/05\/3-Agent-624x75.jpg 624w\" sizes=\"(max-width: 676px) 100vw, 676px\" \/><\/a><p id=\"caption-attachment-134267\" class=\"wp-caption-text\">Agentengeb\u00fchren<\/p><\/div>\n<p><strong>Leinen und Fender<\/strong><br \/>\nIn der Shelter Bay Marina k\u00f6nnen bei &#8218;Taxifahrern&#8216; Leinen und Fender gemietet werden.<br \/>\nDie Miete betr\u00e4gt zwischen 100 und 125 USD, je nach Verhandlungsgeschick. Die Fender sind mit Folie umwickelte Autoreifen; die Zeiten der schwarzen Streifen am Rumpf sind also vorbei.<br \/>\nAllerdings kommen die Reifen ohne Tampen zum Aufh\u00e4ngen an der Reling, da muss man an Bord entsprechende Tampen zusammen suchen. Gewarnt wird vor Kakerlaken und Ratten in den Reifen, also vor dem an Bord nehmen, gut kontrollieren.<br \/>\nWer mit einem Agenten durch den Kanal geht, der bekommt Kugelfender inklusive Tampen geliefert.<br \/>\nUnser Agent wollte 75 USD Miete.<\/p>\n<div id=\"attachment_134268\" style=\"width: 686px\" class=\"wp-caption alignnone\"><a class=\"boxersandswipers\" title=\"Leinen und Fender\" href=\"https:\/\/atanga.de\/wp-content\/uploads\/2018\/05\/4-Leinen.jpg\"><img decoding=\"async\" aria-describedby=\"caption-attachment-134268\" class=\"wp-image-134268 size-full\" src=\"https:\/\/atanga.de\/wp-content\/uploads\/2018\/05\/4-Leinen.jpg\" alt=\"Leinen und Fender\" width=\"676\" height=\"81\" srcset=\"https:\/\/atanga.de\/wp-content\/uploads\/2018\/05\/4-Leinen.jpg 676w, https:\/\/atanga.de\/wp-content\/uploads\/2018\/05\/4-Leinen-300x36.jpg 300w, https:\/\/atanga.de\/wp-content\/uploads\/2018\/05\/4-Leinen-624x75.jpg 624w\" sizes=\"(max-width: 676px) 100vw, 676px\" \/><\/a><p id=\"caption-attachment-134268\" class=\"wp-caption-text\">Leinen und Fender<\/p><\/div>\n<p><strong>Liegekosten<br \/>\n<\/strong>Die Wartezeiten auf einen Kanal-Termin sind mit Agenten k\u00fcrzer: in der Saison wartet man bis\u00a0sieben Tage weniger, au\u00dferhalb der Saison drei Tage. Die verl\u00e4ngerte Wartezeit in der Shelter Bay Marina verursacht Liegegeb\u00fchren. Ich habe einen Mittelwert von 30 USD\/Tag angesetzt und bin von drei Tagen Verz\u00f6gerung ausgegangen.<\/p>\n<div id=\"attachment_134273\" style=\"width: 686px\" class=\"wp-caption alignnone\"><a class=\"boxersandswipers\" title=\"Liegegeb\u00fchren\" href=\"https:\/\/atanga.de\/wp-content\/uploads\/2018\/05\/5-Liege-1.jpg\"><img decoding=\"async\" aria-describedby=\"caption-attachment-134273\" class=\"wp-image-134273 size-full\" src=\"https:\/\/atanga.de\/wp-content\/uploads\/2018\/05\/5-Liege-1.jpg\" alt=\"Liegegeb\u00fchren\" width=\"676\" height=\"81\" srcset=\"https:\/\/atanga.de\/wp-content\/uploads\/2018\/05\/5-Liege-1.jpg 676w, https:\/\/atanga.de\/wp-content\/uploads\/2018\/05\/5-Liege-1-300x36.jpg 300w, https:\/\/atanga.de\/wp-content\/uploads\/2018\/05\/5-Liege-1-624x75.jpg 624w\" sizes=\"(max-width: 676px) 100vw, 676px\" \/><\/a><p id=\"caption-attachment-134273\" class=\"wp-caption-text\">Liegegeb\u00fchren<\/p><\/div>\n<p>Die <strong>Ersparnis<\/strong> ohne Agenten betr\u00e4gt nunmehr nur noch gut <strong>200 USD.<br \/>\n<\/strong>Jeder Tag Verl\u00e4ngerung in der Marina zehrt an diese Ersparnis. Das sollte man bei seiner Entscheidung ber\u00fccksichtigen.<\/p>\n<p><strong> Profi Line Handler<\/strong><br \/>\nWer keine Mitsegler findet, die sich als Line Handler bet\u00e4tigen, muss sich drei Profis anheuern.<br \/>\nDie &#8218;Taxifahrer&#8216; organisieren gerne entsprechende Jungs. Die Kosten belaufen sich auf 125 USD pro Profi. Der R\u00fccktransport von der Pazifik Seite ist darin inbegriffen.<br \/>\nDie Vermittlung von Line-Handlern durch unseren Agenten war g\u00fcnstiger: 100 USD pro Person.Wer Mitsegler anheuert, der sollte 100 USD f\u00fcr den Taxi R\u00fccktransport zur Atlantikseite einkalkulieren.<br \/>\nEine\u00a0preisg\u00fcnstige R\u00fcckfahrt per Bus ist auf Grund der sp\u00e4ten Ankunft auf der Pazifik-Seite kaum zumutbar.<\/p>\n<p><strong>Nebenkosten<\/strong><br \/>\nWer seine Kanalpassage in Eigenregie organisiert, muss einige Telefonate mit der Kanal-Beh\u00f6rde f\u00fchren: Best\u00e4tigung des Geldeingangs, Terminansprache, zweimalige R\u00fcckbest\u00e4tigung des Termins usw. In der Shelter Bay Marina funktioniert nur der Telefonanbieter &#8218;<strong>Mas movil&#8216;<\/strong>. Der Kauf einer SIM Karte und Einheiten zum Telefonieren werden n\u00f6tig.<\/p>\n<div class=\"pld-like-dislike-wrap pld-template-1\">\r\n    <div class=\"pld-like-wrap  pld-common-wrap\">\r\n    <a href=\"javascript:void(0)\" class=\"pld-like-trigger pld-like-dislike-trigger  \" title=\"gef\u00e4llt mir\" data-post-id=\"134244\" data-trigger-type=\"like\" data-restriction=\"cookie\" data-already-liked=\"0\">\r\n                        <i class=\"fas fa-thumbs-up\"><\/i>\r\n                <\/a>\r\n    <span class=\"pld-like-count-wrap pld-count-wrap\">3    <\/span>\r\n<\/div><div class=\"pld-dislike-wrap  pld-common-wrap\">\r\n    <a href=\"javascript:void(0)\" class=\"pld-dislike-trigger pld-like-dislike-trigger  \" title=\"doof\" data-post-id=\"134244\" data-trigger-type=\"dislike\" data-restriction=\"cookie\" data-already-liked=\"0\">\r\n                        <i class=\"fas fa-thumbs-down\"><\/i>\r\n                <\/a>\r\n    <span class=\"pld-dislike-count-wrap pld-count-wrap\"><\/span>\r\n<\/div><\/div>","protected":false},"excerpt":{"rendered":"<p>&#8222;Einen Agenten brauchst du nicht, das Geld kannst du sparen&#8220;, sagen die einen. &#8222;Lieber mit Agenten, das ist sch\u00f6n bequem&#8220;, sagen die anderen. Die Bef\u00fcrworter und Gegner d\u00fcrften sich in etwa die Waage halten. Richtig ist, dass die Panama Kanal Passage ohne Agenten\u00a0prima funktioniert. Es gibt im Netz gute Anleitungen, wie man das alleine bewerkstelligen [&hellip;]<\/p>\n","protected":false},"author":4,"featured_media":0,"parent":4552,"menu_order":0,"comment_status":"closed","ping_status":"closed","template":"","meta":{"footnotes":""},"class_list":["post-134244","page","type-page","status-publish","hentry"],"_links":{"self":[{"href":"https:\/\/atanga.de\/index.php?rest_route=\/wp\/v2\/pages\/134244","targetHints":{"allow":["GET"]}}],"collection":[{"href":"https:\/\/atanga.de\/index.php?rest_route=\/wp\/v2\/pages"}],"about":[{"href":"https:\/\/atanga.de\/index.php?rest_route=\/wp\/v2\/types\/page"}],"author":[{"embeddable":true,"href":"https:\/\/atanga.de\/index.php?rest_route=\/wp\/v2\/users\/4"}],"replies":[{"embeddable":true,"href":"https:\/\/atanga.de\/index.php?rest_route=%2Fwp%2Fv2%2Fcomments&post=134244"}],"version-history":[{"count":12,"href":"https:\/\/atanga.de\/index.php?rest_route=\/wp\/v2\/pages\/134244\/revisions"}],"predecessor-version":[{"id":136894,"href":"https:\/\/atanga.de\/index.php?rest_route=\/wp\/v2\/pages\/134244\/revisions\/136894"}],"up":[{"embeddable":true,"href":"https:\/\/atanga.de\/index.php?rest_route=\/wp\/v2\/pages\/4552"}],"wp:attachment":[{"href":"https:\/\/atanga.de\/index.php?rest_route=%2Fwp%2Fv2%2Fmedia&parent=134244"}],"curies":[{"name":"wp","href":"https:\/\/api.w.org\/{rel}","templated":true}]}}