{"id":2436,"date":"2014-12-11T15:11:43","date_gmt":"2014-12-11T15:11:43","guid":{"rendered":"http:\/\/atanga.de\/?page_id=2436"},"modified":"2021-11-15T02:28:52","modified_gmt":"2021-11-15T02:28:52","slug":"wo-ist-atanga","status":"publish","type":"page","link":"https:\/\/atanga.de\/?page_id=2436","title":{"rendered":"Position"},"content":{"rendered":"<!-- PMB print buttons is only displayed on a single post\/page URLs--><p>Wo ist Atanga?<\/p>\n<p>Es gibt eine Reihe von Seiten, wo man unseren Aufenthaltsort sehen kann. Diese basieren entweder auf dem AIS, oder auf der Position, die wir per Funk \u00fcbermittelt haben. Bitte daran denken, dass die AIS Positionen nicht mehr gezeigt werden, wenn wir weiter als 25sm vom n\u00e4chsten Empf\u00e4nger entfernt sind; d.h. auf hoher See sind wir dann nicht mehr zu sehen.<\/p>\n<p>Diese Karte zeigt die \u00fcber Funk gemeldeten Positionen (leider nur die letzten 12 Monate).<\/p>\n<p><iframe title=\"Unsere Route\" src=\"https:\/\/cms.winlink.org:444\/maps\/PositionReports.aspx?callsign=dl2ej&amp;title=Position Reports for dl2ej\" width=\"800\" height=\"600\" frameborder=\"0\"><\/iframe><\/p>\n<p>Und so sieht unsere bisherige Strecke aus:<\/p>\n<p><iframe src=\"https:\/\/www.google.com\/maps\/d\/embed?mid=1pQLw0TlcVxSTzZSgqsDy2B5fxRc\" width=\"640\" height=\"480\"><\/iframe><\/p>\n<p>&nbsp;<\/p>\n<p>Hier noch ein paar sch\u00f6ne Links<\/p>\n<p><a title=\"shiptrack\" href=\"http:\/\/shiptrak.org\/?callsign=dl2ej\" target=\"_blank\" rel=\"noopener noreferrer\">shiptrack<\/a><br \/>\n<a href=\"https:\/\/cms.winlink.org:444\/maps\/positionreports.aspx?callsign=dl2ej\" target=\"_blank\" rel=\"noopener noreferrer\">Winlink<\/a><br \/>\n<a href=\"https:\/\/www.marinetraffic.com\/de\/ais\/details\/ships\/shipid:135662\/mmsi:211467870\/vessel:ATANGA\" target=\"_blank\" rel=\"noopener noreferrer\">Marinetraffic<\/a><\/p>\n<p>Und wenn das immer noch nicht reicht, dann einfach mal DL2EJ bei Google eingeben&#8230;.<\/p>\n<p>Wie weht der Wind&#8230;.<br \/>\n<iframe src=\"https:\/\/embed.windyty.com\/?16.000,-24.000,242,menu,marker,ip\" width=\"700\" height=\"500\" frameborder=\"0\"><\/iframe><\/p>\n<div class=\"pld-like-dislike-wrap pld-template-1\">\r\n    <div class=\"pld-like-wrap  pld-common-wrap\">\r\n    <a href=\"javascript:void(0)\" class=\"pld-like-trigger pld-like-dislike-trigger  \" title=\"gef\u00e4llt mir\" data-post-id=\"2436\" data-trigger-type=\"like\" data-restriction=\"cookie\" data-already-liked=\"0\">\r\n                        <i class=\"fas fa-thumbs-up\"><\/i>\r\n                <\/a>\r\n    <span class=\"pld-like-count-wrap pld-count-wrap\">11    <\/span>\r\n<\/div><div class=\"pld-dislike-wrap  pld-common-wrap\">\r\n    <a href=\"javascript:void(0)\" class=\"pld-dislike-trigger pld-like-dislike-trigger  \" title=\"doof\" data-post-id=\"2436\" data-trigger-type=\"dislike\" data-restriction=\"cookie\" data-already-liked=\"0\">\r\n                        <i class=\"fas fa-thumbs-down\"><\/i>\r\n                <\/a>\r\n    <span class=\"pld-dislike-count-wrap pld-count-wrap\">1<\/span>\r\n<\/div><\/div>","protected":false},"excerpt":{"rendered":"<p>Wo ist Atanga? Es gibt eine Reihe von Seiten, wo man unseren Aufenthaltsort sehen kann. Diese basieren entweder auf dem AIS, oder auf der Position, die wir per Funk \u00fcbermittelt haben. Bitte daran denken, dass die AIS Positionen nicht mehr gezeigt werden, wenn wir weiter als 25sm vom n\u00e4chsten Empf\u00e4nger entfernt sind; d.h. auf hoher [&hellip;]<\/p>\n","protected":false},"author":3,"featured_media":0,"parent":0,"menu_order":0,"comment_status":"open","ping_status":"closed","template":"","meta":{"footnotes":""},"class_list":["post-2436","page","type-page","status-publish","hentry"],"_links":{"self":[{"href":"https:\/\/atanga.de\/index.php?rest_route=\/wp\/v2\/pages\/2436","targetHints":{"allow":["GET"]}}],"collection":[{"href":"https:\/\/atanga.de\/index.php?rest_route=\/wp\/v2\/pages"}],"about":[{"href":"https:\/\/atanga.de\/index.php?rest_route=\/wp\/v2\/types\/page"}],"author":[{"embeddable":true,"href":"https:\/\/atanga.de\/index.php?rest_route=\/wp\/v2\/users\/3"}],"replies":[{"embeddable":true,"href":"https:\/\/atanga.de\/index.php?rest_route=%2Fwp%2Fv2%2Fcomments&post=2436"}],"version-history":[{"count":31,"href":"https:\/\/atanga.de\/index.php?rest_route=\/wp\/v2\/pages\/2436\/revisions"}],"predecessor-version":[{"id":138046,"href":"https:\/\/atanga.de\/index.php?rest_route=\/wp\/v2\/pages\/2436\/revisions\/138046"}],"wp:attachment":[{"href":"https:\/\/atanga.de\/index.php?rest_route=%2Fwp%2Fv2%2Fmedia&parent=2436"}],"curies":[{"name":"wp","href":"https:\/\/api.w.org\/{rel}","templated":true}]}}