{"id":4284,"date":"2015-08-05T17:23:51","date_gmt":"2015-08-05T17:23:51","guid":{"rendered":"http:\/\/atanga.de\/?page_id=4284"},"modified":"2015-08-06T18:35:34","modified_gmt":"2015-08-06T18:35:34","slug":"allgemein","status":"publish","type":"page","link":"https:\/\/atanga.de\/?page_id=4284","title":{"rendered":"Allgemein"},"content":{"rendered":"<!-- PMB print buttons is only displayed on a single post\/page URLs--><h1><small>Individuelles Logbuch<\/small><\/h1>\n<p>Wir haben uns beim Stempelmacher einen Stempel mit einer Tabelle anfertigen lassen (12 x 6 cm). Diese Tabelle beinhaltet die meisten Angaben, die auch in jedem herk\u00f6mmlichen Fertig-Logbuch auszuf\u00fcllen sind:<\/p>\n<ul>\n<li>Uhrzeit<\/li>\n<li>Wind\u00a0&#8211; St\u00e4rke, Richtung<\/li>\n<li>Welle<\/li>\n<li>Wetter &#8211;\u00a0Luftdruck, Temperatur<\/li>\n<li>Kurs<\/li>\n<li>Position<\/li>\n<li>Meilen<\/li>\n<\/ul>\n<p>Wir haben nur die Angaben ausgew\u00e4hlt, die uns wichtig erscheinen und interessieren.<\/p>\n<p>Als Kladde nutzen wir die B\u00fccher von Leuchtturm.<br \/>\nDie Seiten sind sch\u00f6n dick, so dass die Stempelfarbe nicht durchdr\u00fcckt. Neben dem Stempel ist ausreichend Platz f\u00fcr Bemerkungen besonderer Ereignisse, das Einkleben von Karten und sonstiger pers\u00f6nlicher Notizen.<\/p>\n<div id=\"attachment_4354\" style=\"width: 448px\" class=\"wp-caption alignleft\"><a class=\"boxersandswipers\" title=\"Stempel\" href=\"https:\/\/atanga.de\/wp-content\/uploads\/2015\/08\/Stempel.jpg\"><img decoding=\"async\" aria-describedby=\"caption-attachment-4354\" class=\"wp-image-4354\" src=\"https:\/\/atanga.de\/wp-content\/uploads\/2015\/08\/Stempel.jpg\" alt=\"Logbuch Eintrag\" width=\"438\" height=\"292\" srcset=\"https:\/\/atanga.de\/wp-content\/uploads\/2015\/08\/Stempel.jpg 800w, https:\/\/atanga.de\/wp-content\/uploads\/2015\/08\/Stempel-300x200.jpg 300w, https:\/\/atanga.de\/wp-content\/uploads\/2015\/08\/Stempel-624x417.jpg 624w\" sizes=\"(max-width: 438px) 100vw, 438px\" \/><\/a><p id=\"caption-attachment-4354\" class=\"wp-caption-text\">Logbuch Eintrag<\/p><\/div>\n<div id=\"attachment_4355\" style=\"width: 448px\" class=\"wp-caption alignleft\"><a class=\"boxersandswipers\" title=\"Stempel\" href=\"https:\/\/atanga.de\/wp-content\/uploads\/2015\/08\/Stempel-2.jpg\"><img decoding=\"async\" aria-describedby=\"caption-attachment-4355\" class=\"size-full wp-image-4355\" src=\"https:\/\/atanga.de\/wp-content\/uploads\/2015\/08\/Stempel-2.jpg\" alt=\"Stempel\" width=\"438\" height=\"292\" \/><\/a><p id=\"caption-attachment-4355\" class=\"wp-caption-text\">Stempel<\/p><\/div>\n<p>&nbsp;<\/p>\n<div class=\"pld-like-dislike-wrap pld-template-1\">\r\n    <div class=\"pld-like-wrap  pld-common-wrap\">\r\n    <a href=\"javascript:void(0)\" class=\"pld-like-trigger pld-like-dislike-trigger  \" title=\"gef\u00e4llt mir\" data-post-id=\"4284\" data-trigger-type=\"like\" data-restriction=\"cookie\" data-already-liked=\"0\">\r\n                        <i class=\"fas fa-thumbs-up\"><\/i>\r\n                <\/a>\r\n    <span class=\"pld-like-count-wrap pld-count-wrap\">16    <\/span>\r\n<\/div><div class=\"pld-dislike-wrap  pld-common-wrap\">\r\n    <a href=\"javascript:void(0)\" class=\"pld-dislike-trigger pld-like-dislike-trigger  \" title=\"doof\" data-post-id=\"4284\" data-trigger-type=\"dislike\" data-restriction=\"cookie\" data-already-liked=\"0\">\r\n                        <i class=\"fas fa-thumbs-down\"><\/i>\r\n                <\/a>\r\n    <span class=\"pld-dislike-count-wrap pld-count-wrap\">1<\/span>\r\n<\/div><\/div>","protected":false},"excerpt":{"rendered":"<p>Individuelles Logbuch Wir haben uns beim Stempelmacher einen Stempel mit einer Tabelle anfertigen lassen (12 x 6 cm). Diese Tabelle beinhaltet die meisten Angaben, die auch in jedem herk\u00f6mmlichen Fertig-Logbuch auszuf\u00fcllen sind: Uhrzeit Wind\u00a0&#8211; St\u00e4rke, Richtung Welle Wetter &#8211;\u00a0Luftdruck, Temperatur Kurs Position Meilen Wir haben nur die Angaben ausgew\u00e4hlt, die uns wichtig erscheinen und interessieren. [&hellip;]<\/p>\n","protected":false},"author":3,"featured_media":0,"parent":0,"menu_order":0,"comment_status":"open","ping_status":"closed","template":"","meta":{"footnotes":""},"class_list":["post-4284","page","type-page","status-publish","hentry"],"_links":{"self":[{"href":"https:\/\/atanga.de\/index.php?rest_route=\/wp\/v2\/pages\/4284","targetHints":{"allow":["GET"]}}],"collection":[{"href":"https:\/\/atanga.de\/index.php?rest_route=\/wp\/v2\/pages"}],"about":[{"href":"https:\/\/atanga.de\/index.php?rest_route=\/wp\/v2\/types\/page"}],"author":[{"embeddable":true,"href":"https:\/\/atanga.de\/index.php?rest_route=\/wp\/v2\/users\/3"}],"replies":[{"embeddable":true,"href":"https:\/\/atanga.de\/index.php?rest_route=%2Fwp%2Fv2%2Fcomments&post=4284"}],"version-history":[{"count":2,"href":"https:\/\/atanga.de\/index.php?rest_route=\/wp\/v2\/pages\/4284\/revisions"}],"predecessor-version":[{"id":4356,"href":"https:\/\/atanga.de\/index.php?rest_route=\/wp\/v2\/pages\/4284\/revisions\/4356"}],"wp:attachment":[{"href":"https:\/\/atanga.de\/index.php?rest_route=%2Fwp%2Fv2%2Fmedia&parent=4284"}],"curies":[{"name":"wp","href":"https:\/\/api.w.org\/{rel}","templated":true}]}}