{"id":4506,"date":"2015-09-03T19:27:50","date_gmt":"2015-09-03T19:27:50","guid":{"rendered":"http:\/\/atanga.de\/?page_id=4506"},"modified":"2015-11-04T16:58:19","modified_gmt":"2015-11-04T16:58:19","slug":"kanaren","status":"publish","type":"page","link":"https:\/\/atanga.de\/?page_id=4506","title":{"rendered":"Kanaren 2015"},"content":{"rendered":"<!-- PMB print buttons is only displayed on a single post\/page URLs--><p><strong>Revier-Infos Kanaren<\/strong><\/p>\n<ul>\n<li><b>Tabelle mit allen Infos \u00fcber Liegegeb\u00fchren und Rabatte, WiFi, Duschen und Waschmaschinen, Schwell, L\u00e4rm und Einkaufs-M\u00f6glichkeiten<\/b><\/li>\n<\/ul>\n<ul>\n<ul>\n<li><b>Kurzbeschreibung plus Foto \u00fcber Stadt, Strand, Natur und \u00f6rtliche Besonderheiten<\/b><\/li>\n<\/ul>\n<\/ul>\n<p><strong>Revierf\u00fchrer der Marinas und Ankerpl\u00e4tze von Lanzarote bis La Gomera<\/strong><\/p>\n<p>Die folgenden H\u00e4fen und Ankerpl\u00e4tze haben wir von Dezember 2014 bis Oktober 2015 besucht. Preise und Rahmenbedingungen m\u00f6gen sich in der Zwischenzeit geringf\u00fcgig ge\u00e4ndert haben.<\/p>\n<p><strong>1.Tabelle mit Hafen Informationen<\/strong><\/p>\n<div id=\"attachment_4730\" style=\"width: 635px\" class=\"wp-caption alignleft\"><a class=\"boxersandswipers\" title=\"Hafen-Informationen\" href=\"https:\/\/atanga.de\/wp-content\/uploads\/2015\/09\/Kanaren.jpg\"><img decoding=\"async\" aria-describedby=\"caption-attachment-4730\" class=\"size-large wp-image-4730\" src=\"https:\/\/atanga.de\/wp-content\/uploads\/2015\/09\/Kanaren-1038x138.jpg\" alt=\"Hafen-Informationen\" width=\"625\" height=\"83\" srcset=\"https:\/\/atanga.de\/wp-content\/uploads\/2015\/09\/Kanaren-1038x138.jpg 1038w, https:\/\/atanga.de\/wp-content\/uploads\/2015\/09\/Kanaren-300x40.jpg 300w, https:\/\/atanga.de\/wp-content\/uploads\/2015\/09\/Kanaren-624x83.jpg 624w, https:\/\/atanga.de\/wp-content\/uploads\/2015\/09\/Kanaren.jpg 1218w\" sizes=\"(max-width: 625px) 100vw, 625px\" \/><\/a><p id=\"caption-attachment-4730\" class=\"wp-caption-text\">Hafen-Informationen<\/p><\/div>\n<p>&nbsp;<\/p>\n<p><strong>2. Kurzbeschreibung der H\u00e4fen<\/strong><\/p>\n<p><strong>Lanzarote \u2013 Playa Blanca (Marina Rubicon)<br \/>\n<\/strong>Sehr touristischer Ort (11.000 Einw.). \u00dcberwiegend Superm\u00e4rkte mit Spirituosen, Chips und Softdrinks. Ganz im Osten, fast am Ende der Bucht gibt es die Metzgerei Roper, die gutes Fleisch hat.<br \/>\nAlle Einkaufsm\u00f6glichkeiten &gt; 6km, aber \u00fcber eine autofreie Uferpromenade zu erreichen. Stadtstrand, der nicht wei\u00df ist, wie der Ortsname vermuten l\u00e4sst.<br \/>\nDie popul\u00e4ren Papagayo-Str\u00e4nde ca. 8 km entfernt. Restaurants und Bars in H\u00f6rweite.<br \/>\nZweimal w\u00f6chentlich findet ein Kunst-Handwerker-Markt in der Marina statt.<\/p>\n<div id=\"attachment_4720\" style=\"width: 810px\" class=\"wp-caption alignleft\"><a class=\"boxersandswipers\" title=\"Playa Blanca - Marina Rubicon\" href=\"https:\/\/atanga.de\/wp-content\/uploads\/2015\/09\/9_01_Kanaren_Lanzarote_klein.jpg\"><img decoding=\"async\" aria-describedby=\"caption-attachment-4720\" class=\"size-full wp-image-4720\" src=\"https:\/\/atanga.de\/wp-content\/uploads\/2015\/09\/9_01_Kanaren_Lanzarote_klein.jpg\" alt=\"Playa Blanca - Marina Rubicon\" width=\"800\" height=\"534\" srcset=\"https:\/\/atanga.de\/wp-content\/uploads\/2015\/09\/9_01_Kanaren_Lanzarote_klein.jpg 800w, https:\/\/atanga.de\/wp-content\/uploads\/2015\/09\/9_01_Kanaren_Lanzarote_klein-300x200.jpg 300w, https:\/\/atanga.de\/wp-content\/uploads\/2015\/09\/9_01_Kanaren_Lanzarote_klein-624x417.jpg 624w\" sizes=\"(max-width: 800px) 100vw, 800px\" \/><\/a><p id=\"caption-attachment-4720\" class=\"wp-caption-text\">Playa Blanca &#8211; Marina Rubicon<\/p><\/div>\n<p>&nbsp;<\/p>\n<p>&nbsp;<\/p>\n<p><strong>Lanzarote &#8211; Playas de Papagayo<br \/>\n<\/strong>Die sch\u00f6nsten und hellsten Str\u00e4nde von Lanzarote. Abends, wenn die Tagesausfl\u00fcgler wieder abgereist sind, herrscht absolute Einsamkeit. Ankergrund teilweise felsig und Liegeplatz zeitweise schwellig.<\/p>\n<div id=\"attachment_4721\" style=\"width: 810px\" class=\"wp-caption alignleft\"><a class=\"boxersandswipers\" title=\"9_02_Kanaren_Lanzarote_klein\" href=\"https:\/\/atanga.de\/wp-content\/uploads\/2015\/09\/9_02_Kanaren_Lanzarote_klein.jpg\"><img decoding=\"async\" aria-describedby=\"caption-attachment-4721\" class=\"size-full wp-image-4721\" src=\"https:\/\/atanga.de\/wp-content\/uploads\/2015\/09\/9_02_Kanaren_Lanzarote_klein.jpg\" alt=\"Lanzarote - Playas Papagayo\" width=\"800\" height=\"535\" srcset=\"https:\/\/atanga.de\/wp-content\/uploads\/2015\/09\/9_02_Kanaren_Lanzarote_klein.jpg 800w, https:\/\/atanga.de\/wp-content\/uploads\/2015\/09\/9_02_Kanaren_Lanzarote_klein-300x201.jpg 300w, https:\/\/atanga.de\/wp-content\/uploads\/2015\/09\/9_02_Kanaren_Lanzarote_klein-624x417.jpg 624w\" sizes=\"(max-width: 800px) 100vw, 800px\" \/><\/a><p id=\"caption-attachment-4721\" class=\"wp-caption-text\">Lanzarote &#8211; Playas Papagayo<\/p><\/div>\n<p><strong>\u00a0<\/strong><\/p>\n<p><strong>Fuerteventura &#8211; Gran Tarajal<\/strong><br \/>\nSehr ruhige Marina, keine F\u00e4hren.<br \/>\nWenig touristischer Ort (7.500 Einw.) mit guter Infrastruktur f\u00fcr das t\u00e4gliche Leben.<br \/>\nBestes Baguette der Kanaren beim Becker gegen\u00fcber vom Kinderspielplatz an der Promenade. Die sanit\u00e4ren Anlagen in der Marina haben nur kaltes Wasser und es gibt keine Waschmaschine. Stadtstrand &lt; 1 km entfernt.<br \/>\nKostenloses WiFi im lebendigen Casa Cultural am Ende vom Strand. hier bekommt man leicht Kontakt zu den Einheimischen. Kein Autoverleiher vor Ort.<\/p>\n<div id=\"attachment_4722\" style=\"width: 569px\" class=\"wp-caption alignleft\"><a class=\"boxersandswipers\" title=\"9_03_Kanaren_Fuerteventura_klein\" href=\"https:\/\/atanga.de\/wp-content\/uploads\/2015\/09\/9_03_Kanaren_Fuerteventura_klein.jpg\"><img decoding=\"async\" aria-describedby=\"caption-attachment-4722\" class=\"wp-image-4722\" src=\"https:\/\/atanga.de\/wp-content\/uploads\/2015\/09\/9_03_Kanaren_Fuerteventura_klein.jpg\" alt=\"Fuerteventura - Gran Tarajal\" width=\"559\" height=\"373\" srcset=\"https:\/\/atanga.de\/wp-content\/uploads\/2015\/09\/9_03_Kanaren_Fuerteventura_klein.jpg 800w, https:\/\/atanga.de\/wp-content\/uploads\/2015\/09\/9_03_Kanaren_Fuerteventura_klein-300x200.jpg 300w, https:\/\/atanga.de\/wp-content\/uploads\/2015\/09\/9_03_Kanaren_Fuerteventura_klein-624x417.jpg 624w\" sizes=\"(max-width: 559px) 100vw, 559px\" \/><\/a><p id=\"caption-attachment-4722\" class=\"wp-caption-text\">Fuerteventura &#8211; Gran Tarajal<\/p><\/div>\n<p>&nbsp;<\/p>\n<p>&nbsp;<\/p>\n<p>&nbsp;<\/p>\n<p>&nbsp;<\/p>\n<p>&nbsp;<\/p>\n<p>&nbsp;<\/p>\n<p>&nbsp;<\/p>\n<p>&nbsp;<\/p>\n<p>&nbsp;<\/p>\n<p><strong><br \/>\n<\/strong><\/p>\n<p><strong>Gran Canaria &#8211; Las Palmas<br \/>\n<\/strong>Gr\u00f6\u00dfter Ort der Kanaren (400.000 Einw.), wenig touristisch und authentisch.<br \/>\nSchiffausr\u00fcster, Tauchshops im Hafen und im Industrieviertel El Sebadal gibt es Baum\u00e4rkte mit Yacht-Batterien, Tauwerk, Metall, Holz und was das Herz begehrt (King Hogar und Graubassers). In dieser Stadt gibt es alles oder kann besorgt werden. Gro\u00dfe Arztdichte.<br \/>\nGer\u00e4uschvolle 8-spurige Stra\u00dfe trennt die gro\u00dfe Marina von der Stadt. Je nach Liegeplatz deutlich zu h\u00f6ren. Markthalle (sehr local) und gro\u00dfe Superm\u00e4rkte 2 km entfernt.<br \/>\nKeine Bel\u00e4stigung durch F\u00e4hren und Kreuzer, die haben eine extra Hafenbecken.<br \/>\nAltstadt mit Kathedrale und Kolumbus Haus &gt; 5km entfernt. H\u00e4ufig bew\u00f6lkt, w\u00e4hrend der Rest der Insel Sonne hat.<\/p>\n<div id=\"attachment_4723\" style=\"width: 810px\" class=\"wp-caption alignleft\"><a class=\"boxersandswipers\" title=\"Gran Canaria - Las Palmas\" href=\"https:\/\/atanga.de\/wp-content\/uploads\/2015\/09\/9_04_Kanaren_Gran-Canaria_klein.jpg\"><img decoding=\"async\" aria-describedby=\"caption-attachment-4723\" class=\"size-full wp-image-4723\" src=\"https:\/\/atanga.de\/wp-content\/uploads\/2015\/09\/9_04_Kanaren_Gran-Canaria_klein.jpg\" alt=\"Gran Canaria - Las Palmas\" width=\"800\" height=\"405\" srcset=\"https:\/\/atanga.de\/wp-content\/uploads\/2015\/09\/9_04_Kanaren_Gran-Canaria_klein.jpg 800w, https:\/\/atanga.de\/wp-content\/uploads\/2015\/09\/9_04_Kanaren_Gran-Canaria_klein-300x152.jpg 300w, https:\/\/atanga.de\/wp-content\/uploads\/2015\/09\/9_04_Kanaren_Gran-Canaria_klein-624x316.jpg 624w\" sizes=\"(max-width: 800px) 100vw, 800px\" \/><\/a><p id=\"caption-attachment-4723\" class=\"wp-caption-text\">Gran Canaria &#8211; Las Palmas<\/p><\/div>\n<p>&nbsp;<\/p>\n<p>&nbsp;<\/p>\n<p><strong>\u00a0<\/strong><\/p>\n<p><strong>Teneriffa &#8211; Santa Cruz<br \/>\n<\/strong>Zweitgr\u00f6\u00dfte Stadt der Kanaren (200.000 Einw.). Neben der Marina finden umfangreiche Bauma\u00dfnahmen f\u00fcr eine Verkehrsberuhigung und Tunnel in die Altstadt statt.<br \/>\nBis zur Fertigstellung Staub-und Ger\u00e4uschbel\u00e4stigung und man muss sich den \u00dcbergang mit den Kreuzfahrern teilen. Das gibt zeitweise Stau.<br \/>\nSch\u00f6nster Markt der Kanaren, recht touristisch, aber ein unglaubliches Angebot (&gt;2 km entfernt). Sehr sch\u00f6ne Altstadt, die deutlich touristischer und teurer ist als Las Palmas.<\/p>\n<div id=\"attachment_4724\" style=\"width: 584px\" class=\"wp-caption alignleft\"><a class=\"boxersandswipers\" title=\"Teneriffa - Santa Cruz\" href=\"https:\/\/atanga.de\/wp-content\/uploads\/2015\/09\/9_05_Kanaren_Teneriffa_klein.jpg\"><img decoding=\"async\" aria-describedby=\"caption-attachment-4724\" class=\" wp-image-4724\" src=\"https:\/\/atanga.de\/wp-content\/uploads\/2015\/09\/9_05_Kanaren_Teneriffa_klein.jpg\" alt=\"Teneriffa - Santa Cruz\" width=\"574\" height=\"383\" srcset=\"https:\/\/atanga.de\/wp-content\/uploads\/2015\/09\/9_05_Kanaren_Teneriffa_klein.jpg 800w, https:\/\/atanga.de\/wp-content\/uploads\/2015\/09\/9_05_Kanaren_Teneriffa_klein-300x200.jpg 300w, https:\/\/atanga.de\/wp-content\/uploads\/2015\/09\/9_05_Kanaren_Teneriffa_klein-624x417.jpg 624w\" sizes=\"(max-width: 574px) 100vw, 574px\" \/><\/a><p id=\"caption-attachment-4724\" class=\"wp-caption-text\">Teneriffa &#8211; Santa Cruz<\/p><\/div>\n<p>&nbsp;<\/p>\n<p>&nbsp;<\/p>\n<p>&nbsp;<\/p>\n<p>&nbsp;<\/p>\n<p>&nbsp;<\/p>\n<p>&nbsp;<\/p>\n<p>&nbsp;<\/p>\n<p>&nbsp;<\/p>\n<p>&nbsp;<\/p>\n<p>&nbsp;<\/p>\n<p><strong>La Palma &#8211; Santa Cruz<br \/>\n<\/strong>Wohl die sch\u00f6nste der kanarischen St\u00e4dte (16.000 Einw.). Der Altstadtkern ist zum kunsthistorischen Baudenkmal erkl\u00e4rt worden. Sehr touristisch und extrem steile Stra\u00dfen.<br \/>\nInfrastruktur entspricht der einer Kleinstadt. Stadtstr\u00e4nde beidseitig von der Marina &lt; 1 km. Zeitweise steht sehr starker Schwell im Hafen. H\u00e4ufig Fall-B\u00f6en im Hafen. Anleger f\u00fcr F\u00e4hren und Frachter in unmittelbarer N\u00e4he.<\/p>\n<div id=\"attachment_4725\" style=\"width: 571px\" class=\"wp-caption alignleft\"><a class=\"boxersandswipers\" title=\"La Palma - Santa Cruz\" href=\"https:\/\/atanga.de\/wp-content\/uploads\/2015\/09\/9_06_Kanaren_La-Palma_klein.jpg\"><img decoding=\"async\" aria-describedby=\"caption-attachment-4725\" class=\" wp-image-4725\" src=\"https:\/\/atanga.de\/wp-content\/uploads\/2015\/09\/9_06_Kanaren_La-Palma_klein.jpg\" alt=\"La Palma - Santa Cruz\" width=\"561\" height=\"374\" srcset=\"https:\/\/atanga.de\/wp-content\/uploads\/2015\/09\/9_06_Kanaren_La-Palma_klein.jpg 800w, https:\/\/atanga.de\/wp-content\/uploads\/2015\/09\/9_06_Kanaren_La-Palma_klein-300x200.jpg 300w, https:\/\/atanga.de\/wp-content\/uploads\/2015\/09\/9_06_Kanaren_La-Palma_klein-624x417.jpg 624w\" sizes=\"(max-width: 561px) 100vw, 561px\" \/><\/a><p id=\"caption-attachment-4725\" class=\"wp-caption-text\">La Palma &#8211; Santa Cruz<\/p><\/div>\n<p>&nbsp;<\/p>\n<p>&nbsp;<\/p>\n<p>&nbsp;<\/p>\n<p>&nbsp;<\/p>\n<p>&nbsp;<\/p>\n<p>&nbsp;<\/p>\n<p>&nbsp;<\/p>\n<p>&nbsp;<\/p>\n<p>&nbsp;<\/p>\n<p>&nbsp;<\/p>\n<p><strong>La Gomera &#8211; San Sebastian<br \/>\n<\/strong>Kleinstadt mit knapp 9.000 Einwohnern. Die sch\u00f6nste Marina auf den Kanaren.<br \/>\nZu allen Seiten eine tolle Aussicht auf die umliegenden Berge.<br \/>\nInfrastruktur und Superm\u00e4rkte deutlich reduzierter als auf den anderen Inseln.<br \/>\nT\u00e4glich Wochenmarkt. Alles &lt; 1km zu erreichen. L\u00e4rm durch F\u00e4hren, Schwell nur an der Hafeneinfahrt.<\/p>\n<div id=\"attachment_4727\" style=\"width: 810px\" class=\"wp-caption alignleft\"><a class=\"boxersandswipers\" title=\"La Gomera - San Sebastian\" href=\"https:\/\/atanga.de\/wp-content\/uploads\/2015\/09\/9_07_Kanaren_La-Gomera_klein.jpg\"><img decoding=\"async\" aria-describedby=\"caption-attachment-4727\" class=\"size-full wp-image-4727\" src=\"https:\/\/atanga.de\/wp-content\/uploads\/2015\/09\/9_07_Kanaren_La-Gomera_klein.jpg\" alt=\"La Gomera - San Sebastian\" width=\"800\" height=\"534\" srcset=\"https:\/\/atanga.de\/wp-content\/uploads\/2015\/09\/9_07_Kanaren_La-Gomera_klein.jpg 800w, https:\/\/atanga.de\/wp-content\/uploads\/2015\/09\/9_07_Kanaren_La-Gomera_klein-300x200.jpg 300w, https:\/\/atanga.de\/wp-content\/uploads\/2015\/09\/9_07_Kanaren_La-Gomera_klein-624x417.jpg 624w\" sizes=\"(max-width: 800px) 100vw, 800px\" \/><\/a><p id=\"caption-attachment-4727\" class=\"wp-caption-text\">La Gomera &#8211; San Sebastian<\/p><\/div>\n<div class=\"pld-like-dislike-wrap pld-template-1\">\r\n    <div class=\"pld-like-wrap  pld-common-wrap\">\r\n    <a href=\"javascript:void(0)\" class=\"pld-like-trigger pld-like-dislike-trigger  \" title=\"gef\u00e4llt mir\" data-post-id=\"4506\" data-trigger-type=\"like\" data-restriction=\"cookie\" data-already-liked=\"0\">\r\n                        <i class=\"fas fa-thumbs-up\"><\/i>\r\n                <\/a>\r\n    <span class=\"pld-like-count-wrap pld-count-wrap\">    <\/span>\r\n<\/div><div class=\"pld-dislike-wrap  pld-common-wrap\">\r\n    <a href=\"javascript:void(0)\" class=\"pld-dislike-trigger pld-like-dislike-trigger  \" title=\"doof\" data-post-id=\"4506\" data-trigger-type=\"dislike\" data-restriction=\"cookie\" data-already-liked=\"0\">\r\n                        <i class=\"fas fa-thumbs-down\"><\/i>\r\n                <\/a>\r\n    <span class=\"pld-dislike-count-wrap pld-count-wrap\"><\/span>\r\n<\/div><\/div>","protected":false},"excerpt":{"rendered":"<p>Revier-Infos Kanaren Tabelle mit allen Infos \u00fcber Liegegeb\u00fchren und Rabatte, WiFi, Duschen und Waschmaschinen, Schwell, L\u00e4rm und Einkaufs-M\u00f6glichkeiten Kurzbeschreibung plus Foto \u00fcber Stadt, Strand, Natur und \u00f6rtliche Besonderheiten Revierf\u00fchrer der Marinas und Ankerpl\u00e4tze von Lanzarote bis La Gomera Die folgenden H\u00e4fen und Ankerpl\u00e4tze haben wir von Dezember 2014 bis Oktober 2015 besucht. Preise und Rahmenbedingungen [&hellip;]<\/p>\n","protected":false},"author":3,"featured_media":0,"parent":0,"menu_order":0,"comment_status":"closed","ping_status":"closed","template":"","meta":{"footnotes":""},"class_list":["post-4506","page","type-page","status-publish","hentry"],"_links":{"self":[{"href":"https:\/\/atanga.de\/index.php?rest_route=\/wp\/v2\/pages\/4506","targetHints":{"allow":["GET"]}}],"collection":[{"href":"https:\/\/atanga.de\/index.php?rest_route=\/wp\/v2\/pages"}],"about":[{"href":"https:\/\/atanga.de\/index.php?rest_route=\/wp\/v2\/types\/page"}],"author":[{"embeddable":true,"href":"https:\/\/atanga.de\/index.php?rest_route=\/wp\/v2\/users\/3"}],"replies":[{"embeddable":true,"href":"https:\/\/atanga.de\/index.php?rest_route=%2Fwp%2Fv2%2Fcomments&post=4506"}],"version-history":[{"count":21,"href":"https:\/\/atanga.de\/index.php?rest_route=\/wp\/v2\/pages\/4506\/revisions"}],"predecessor-version":[{"id":4813,"href":"https:\/\/atanga.de\/index.php?rest_route=\/wp\/v2\/pages\/4506\/revisions\/4813"}],"wp:attachment":[{"href":"https:\/\/atanga.de\/index.php?rest_route=%2Fwp%2Fv2%2Fmedia&parent=4506"}],"curies":[{"name":"wp","href":"https:\/\/api.w.org\/{rel}","templated":true}]}}