{"id":6073,"date":"2016-05-08T15:31:46","date_gmt":"2016-05-08T15:31:46","guid":{"rendered":"http:\/\/atanga.de\/?page_id=6073"},"modified":"2016-05-08T16:09:49","modified_gmt":"2016-05-08T16:09:49","slug":"dinghy-cover-selber-naehen","status":"publish","type":"page","link":"https:\/\/atanga.de\/?page_id=6073","title":{"rendered":"Dinghy Cover selber n\u00e4hen"},"content":{"rendered":"<!-- PMB print buttons is only displayed on a single post\/page URLs--><p><strong>\u00a0<\/strong><\/p>\n<h2><small>Schlauchboot Abdeckung selber n\u00e4hen<\/small><\/h2>\n<p>Um die Wahrheit zu sagen, das ist ein gro\u00dfes Projekt.<br \/>\nWer aber mit der N\u00e4hmaschine gerade N\u00e4hte n\u00e4hen kann, braucht keine weiteren Kenntnisse. Etwas Mut und Ausdauer schaden allerdings nicht. Wir haben uns ohne gro\u00dfe N\u00e4herfahrung getraut&#8230;<\/p>\n<p><strong>\u00a0<\/strong><\/p>\n<h2><small> 1. Schnittmuster<\/small><\/h2>\n<p>Wir brauchen ein Schnittmuster aus Papier, um passende Teile aus dem Stoff zuschneiden zu k\u00f6nnen. Packpapier ist daf\u00fcr gut geeignet, eine Zeitung ginge nat\u00fcrlich auch.<br \/>\nMit dem Papier wickeln wir die Schl\u00e4uche eng ein, wie ein \u00fcbergro\u00dfes Geschenk.<\/p>\n<p>Jede Rundung und Kurve bilden wir mit dem Papier nach. Das Papier kann an den W\u00fclsten festgeklebt werden. Falten, die sich dabei bilden, spielen keine Rolle.<br \/>\nWichtig ist nur, dass diese gut mit Klebeband fixiert werden. Je genauer das Papier sich an die Gummiw\u00fclste schmiegt, desto besser.<\/p>\n<div id=\"attachment_6083\" style=\"width: 635px\" class=\"wp-caption alignleft\"><img decoding=\"async\" aria-describedby=\"caption-attachment-6083\" class=\"size-large wp-image-6083\" src=\"https:\/\/atanga.de\/wp-content\/uploads\/2016\/05\/Papier-1038x790.jpg\" alt=\"je passgenauer, desto besser\" width=\"625\" height=\"476\" srcset=\"https:\/\/atanga.de\/wp-content\/uploads\/2016\/05\/Papier-1038x790.jpg 1038w, https:\/\/atanga.de\/wp-content\/uploads\/2016\/05\/Papier-300x228.jpg 300w, https:\/\/atanga.de\/wp-content\/uploads\/2016\/05\/Papier-768x584.jpg 768w, https:\/\/atanga.de\/wp-content\/uploads\/2016\/05\/Papier-624x475.jpg 624w, https:\/\/atanga.de\/wp-content\/uploads\/2016\/05\/Papier.jpg 1900w\" sizes=\"(max-width: 625px) 100vw, 625px\" \/><p id=\"caption-attachment-6083\" class=\"wp-caption-text\">je passgenauer, desto besser<\/p><\/div>\n<p>F\u00fcr Griffe, Ruderhalter und Ringe werden\u00a0Schlitze ins Papier geschnitten.<br \/>\nWir haben uns entschieden, das Cover aus f\u00fcnf Teilen zusammen zu n\u00e4hen.<br \/>\nAlso zerschneiden wir unsere Verpackung an den gew\u00fcnschten Stellen durch und l\u00f6sen vorsichtig das Papier von den W\u00fclsten. Damit die Falten nicht auseinander fallen, m\u00fcssen diese auf der R\u00fcckseite ebenfalls gut fixiert werden.<\/p>\n<p><img decoding=\"async\" class=\"size-full wp-image-6079\" src=\"https:\/\/atanga.de\/wp-content\/uploads\/2016\/05\/Dinghy-Cover.jpg\" alt=\"Ummantelung mit Papier\" width=\"2816\" height=\"2112\" \/>Ummantelung mit Papier<\/p>\n<p>Wer es sich zutraut, kann nur eine H\u00e4lfte Dinghys einwickeln und\u00a0\u00a0das\u00a0Schnittmuster\u00a0spiegelverkehrt f\u00fcr die andere Seite verwenden.<br \/>\nHierbei muss man nur sehr aufpassen, dass man das Schnittmuster f\u00fcr die gespiegelte Seite auf die richtige Stoffseite legt.<br \/>\nEtwas einfacher, ohne Umdenken ist es, das Dinghy komplett einzuwickeln.<\/p>\n<p><strong>\u00a0<\/strong><\/p>\n<h2><small>2. \u00dcbertragung vom Schnittmuster auf den Stoff<br \/>\n<\/small><\/h2>\n<p>Die von den W\u00fclsten abgenommenen Papierteile sind mehr oder weniger stark gew\u00f6lbt.<\/p>\n<p>&nbsp;<\/p>\n<div class=\"mceTemp\">\n<p><img decoding=\"async\" class=\"size-large wp-image-6082\" src=\"https:\/\/atanga.de\/wp-content\/uploads\/2016\/05\/Papier-W\u00f6lbung-1038x693.jpg\" alt=\"Papier W\u00f6lbung\" width=\"625\" height=\"417\" srcset=\"https:\/\/atanga.de\/wp-content\/uploads\/2016\/05\/Papier-W\u00f6lbung-1038x693.jpg 1038w, https:\/\/atanga.de\/wp-content\/uploads\/2016\/05\/Papier-W\u00f6lbung-300x200.jpg 300w, https:\/\/atanga.de\/wp-content\/uploads\/2016\/05\/Papier-W\u00f6lbung-768x513.jpg 768w, https:\/\/atanga.de\/wp-content\/uploads\/2016\/05\/Papier-W\u00f6lbung-624x417.jpg 624w\" sizes=\"(max-width: 625px) 100vw, 625px\" \/>Papier W\u00f6lbung<\/p>\n<p>So lassen sie sich nicht auf den Stoff \u00fcbertragen.<br \/>\nDie Stellen, die sich nicht glatt auf den Stoff legen lassen, bekommen beherzte Schnitte, um die W\u00f6lbungen gl\u00e4tten zu k\u00f6nnen.<br \/>\nEin strategisch falsch gesetzter Schnitt? Kein Problem, einfach wieder zukleben und neu starten.<br \/>\nDiese Schnitte bilden\u00a0Keile aus auf dem Stoff.<br \/>\nDiese Keile, durch Abn\u00e4her in den Stoff gen\u00e4ht,\u00a0entwickeln die\u00a0gleiche W\u00f6lbung wie vorher das Papier.<\/p>\n<\/div>\n<div id=\"attachment_6086\" style=\"width: 635px\" class=\"wp-caption alignleft\"><img decoding=\"async\" aria-describedby=\"caption-attachment-6086\" class=\"wp-image-6086 size-large\" src=\"https:\/\/atanga.de\/wp-content\/uploads\/2016\/05\/Zuschnitt-1038x693.jpg\" alt=\"Zuschnitt\" width=\"625\" height=\"417\" srcset=\"https:\/\/atanga.de\/wp-content\/uploads\/2016\/05\/Zuschnitt-1038x693.jpg 1038w, https:\/\/atanga.de\/wp-content\/uploads\/2016\/05\/Zuschnitt-300x200.jpg 300w, https:\/\/atanga.de\/wp-content\/uploads\/2016\/05\/Zuschnitt-768x513.jpg 768w, https:\/\/atanga.de\/wp-content\/uploads\/2016\/05\/Zuschnitt-624x417.jpg 624w\" sizes=\"(max-width: 625px) 100vw, 625px\" \/><p id=\"caption-attachment-6086\" class=\"wp-caption-text\">Zuschnitt<\/p><\/div>\n<p>Bei den L\u00f6chern f\u00fcr die Griffe ist die Empfehlung, zun\u00e4chst nur Schlitze zu schneiden und noch nicht das Loch in seiner ben\u00f6tigten Gr\u00f6\u00dfe.<br \/>\nWenn das Papier glatt auf dem Stoff aufliegt, mit Schneiderkreide oder Bleistift die Umrisse \u00fcbertragen.<\/p>\n<p><strong>Ganz wichtig:<\/strong> Nahtzugabe nicht vergessen! 2-3 cm f\u00fcr alle normalen N\u00e4hte, 5 cm f\u00fcr den Tunnelzug an der Au\u00dfenseite. Nun kann der Stoff ausgeschnitten werden.<\/p>\n<p><strong>Wieder ganz wichtig:<\/strong> Die Keile auf keinen Fall ausschneiden. Diese werden als Abn\u00e4her zusammengen\u00e4ht, um die n\u00f6tige W\u00f6lbung wieder herzustellen. Die Keile werden allerdings mit Kreide auf den Stoff \u00fcbertragen, damit man wei\u00df, wo der Abn\u00e4her zusammen zu n\u00e4hen ist.<\/p>\n<p><strong>\u00a0<\/strong><\/p>\n<h2><small>3. Zusammenn\u00e4hen<\/small><\/h2>\n<p>Jetzt die Stoffteile vers\u00e4umen und zusammen n\u00e4hen. Bei der Anprobe kann der genaue Sitz f\u00fcr die Griff-L\u00f6cher noch prima korrigiert werden.<br \/>\nEs gibt zwei M\u00f6glichkeiten, die L\u00f6cher zu ums\u00e4umen:<\/p>\n<p>1. Der \u00fcbersch\u00fcssige Stoff kann nach links eingeschlagen und dann umgen\u00e4ht werden. Das ist nicht schlecht, allerdings sind bei dieser Methode sind die L\u00f6cher wahrscheinlich nicht so belastbar:<\/p>\n<div id=\"attachment_6087\" style=\"width: 810px\" class=\"wp-caption alignleft\"><img decoding=\"async\" aria-describedby=\"caption-attachment-6087\" class=\"size-full wp-image-6087\" src=\"https:\/\/atanga.de\/wp-content\/uploads\/2016\/05\/Ohne-Riegel.jpg\" alt=\"Ohne Riegel\" width=\"800\" height=\"600\" srcset=\"https:\/\/atanga.de\/wp-content\/uploads\/2016\/05\/Ohne-Riegel.jpg 800w, https:\/\/atanga.de\/wp-content\/uploads\/2016\/05\/Ohne-Riegel-300x225.jpg 300w, https:\/\/atanga.de\/wp-content\/uploads\/2016\/05\/Ohne-Riegel-768x576.jpg 768w, https:\/\/atanga.de\/wp-content\/uploads\/2016\/05\/Ohne-Riegel-624x468.jpg 624w\" sizes=\"(max-width: 800px) 100vw, 800px\" \/><p id=\"caption-attachment-6087\" class=\"wp-caption-text\">Ohne Riegel<\/p><\/div>\n<p>&nbsp;<\/p>\n<p>2. Um alle L\u00f6cher n\u00e4ht man sich Riegel\/Abdeckungen, die die Lochr\u00e4nder verst\u00e4rken und dem Cover einen sehr professionellen Look geben.<\/p>\n<p>Aber Achtung, dies macht sehr viel Arbeit, wobei die M\u00fche sich wirklich auszahlt.<br \/>\nMan kann damit wunderbar ausgleichen, falls ein Loch beim Zuschnitt doch etwas verrutscht oder zu gro\u00df sein sollte. Einfach die Kanten-Breite der Loch-Abdeckung entsprechend erh\u00f6hen. Merkt kein Mensch. <img src=\"https:\/\/atanga.de\/wp-content\/plugins\/classic-smilies\/img\/icon_wink.gif\" alt=\";-)\" class=\"wp-smiley\" style=\"height: 1em; max-height: 1em;\" \/><\/p>\n<div id=\"attachment_6076\" style=\"width: 635px\" class=\"wp-caption alignleft\"><img decoding=\"async\" aria-describedby=\"caption-attachment-6076\" class=\"size-large wp-image-6076\" src=\"https:\/\/atanga.de\/wp-content\/uploads\/2016\/05\/Abdeck-Riegel-1038x693.jpg\" alt=\"Abdeck-Riegel\" width=\"625\" height=\"417\" srcset=\"https:\/\/atanga.de\/wp-content\/uploads\/2016\/05\/Abdeck-Riegel-1038x693.jpg 1038w, https:\/\/atanga.de\/wp-content\/uploads\/2016\/05\/Abdeck-Riegel-300x200.jpg 300w, https:\/\/atanga.de\/wp-content\/uploads\/2016\/05\/Abdeck-Riegel-768x513.jpg 768w, https:\/\/atanga.de\/wp-content\/uploads\/2016\/05\/Abdeck-Riegel-624x417.jpg 624w\" sizes=\"(max-width: 625px) 100vw, 625px\" \/><p id=\"caption-attachment-6076\" class=\"wp-caption-text\">Abdeck-Riegel<\/p><\/div>\n<p>&nbsp;<\/p>\n<div id=\"attachment_6080\" style=\"width: 635px\" class=\"wp-caption alignleft\"><img decoding=\"async\" aria-describedby=\"caption-attachment-6080\" class=\"size-large wp-image-6080\" src=\"https:\/\/atanga.de\/wp-content\/uploads\/2016\/05\/Loch-Verst\u00e4rkungen-1038x693.jpg\" alt=\"Loch-Verst\u00e4rkungen\" width=\"625\" height=\"417\" srcset=\"https:\/\/atanga.de\/wp-content\/uploads\/2016\/05\/Loch-Verst\u00e4rkungen-1038x693.jpg 1038w, https:\/\/atanga.de\/wp-content\/uploads\/2016\/05\/Loch-Verst\u00e4rkungen-300x200.jpg 300w, https:\/\/atanga.de\/wp-content\/uploads\/2016\/05\/Loch-Verst\u00e4rkungen-768x513.jpg 768w, https:\/\/atanga.de\/wp-content\/uploads\/2016\/05\/Loch-Verst\u00e4rkungen-624x417.jpg 624w\" sizes=\"(max-width: 625px) 100vw, 625px\" \/><p id=\"caption-attachment-6080\" class=\"wp-caption-text\">Loch-Verst\u00e4rkungen<\/p><\/div>\n<p><strong>\u00a0<\/strong><\/p>\n<h2><small>4.Details<\/small><\/h2>\n<p>Bei unserem Dinghy haben wir hinten an den Schw\u00e4nzen einfach zwei Riegel angen\u00e4ht.<br \/>\nJetzt muss das Cover immer von hinten \u00fcbergezogen werden.<br \/>\nDa an der Au\u00dfenkante ein Tunnelzug mit einem Gummi verl\u00e4uft, kann das Cover trotzdem nicht verrutschen.<\/p>\n<p>&nbsp;<\/p>\n<div id=\"attachment_6090\" style=\"width: 810px\" class=\"wp-caption alignleft\"><img decoding=\"async\" aria-describedby=\"caption-attachment-6090\" class=\"size-full wp-image-6090\" src=\"https:\/\/atanga.de\/wp-content\/uploads\/2016\/05\/Hek-L\u00f6sung.jpg\" alt=\"Heck-L\u00f6sung\" width=\"800\" height=\"534\" srcset=\"https:\/\/atanga.de\/wp-content\/uploads\/2016\/05\/Hek-L\u00f6sung.jpg 800w, https:\/\/atanga.de\/wp-content\/uploads\/2016\/05\/Hek-L\u00f6sung-300x200.jpg 300w, https:\/\/atanga.de\/wp-content\/uploads\/2016\/05\/Hek-L\u00f6sung-768x513.jpg 768w, https:\/\/atanga.de\/wp-content\/uploads\/2016\/05\/Hek-L\u00f6sung-624x417.jpg 624w\" sizes=\"(max-width: 800px) 100vw, 800px\" \/><p id=\"caption-attachment-6090\" class=\"wp-caption-text\">Heck-L\u00f6sung<\/p><\/div>\n<p>Im Innenbereich haben wir keine Befestigung vorgenommen.<br \/>\nBei den meisten Dinghies geht dies bauartbedingt sowieso nicht.<br \/>\nAus unserer Sicht ist das auch nicht n\u00f6tig. Nach kurzer Zeit ist das Cover so eingesessen, das es innen glatt herunterh\u00e4ngt und nicht flattert.<br \/>\nBeim N\u00e4hen des Covers dachten wir noch, dass wir eine Innenbefestigung ben\u00f6tigen w\u00fcrden, daher haben wir Schlaufen am Innensaum angen\u00e4ht. Mit PVC\/Dinghy-Kleber k\u00f6nnte man D-Ringe an die W\u00fclste kleben und das Cover mit einem, durch die Schlaufen gezogenem Band, fixieren.<br \/>\n<img decoding=\"async\" class=\"wp-image-6085 size-full\" src=\"https:\/\/atanga.de\/wp-content\/uploads\/2016\/05\/Schlaufen-f\u00fcr-D-Ringe.jpg\" alt=\"Schlaufen f\u00fcr D-Ringe\" width=\"2816\" height=\"2112\" \/><\/p>\n<p>Schlaufen f\u00fcr D-Ringe<\/p>\n<p><img decoding=\"async\" class=\"size-full wp-image-6104\" src=\"https:\/\/atanga.de\/wp-content\/uploads\/2016\/05\/D-Ring-auf-die-Wulst-geklebt.jpg\" alt=\"D-Ring auf die Wulst geklebt\" width=\"800\" height=\"700\" srcset=\"https:\/\/atanga.de\/wp-content\/uploads\/2016\/05\/D-Ring-auf-die-Wulst-geklebt.jpg 800w, https:\/\/atanga.de\/wp-content\/uploads\/2016\/05\/D-Ring-auf-die-Wulst-geklebt-300x263.jpg 300w, https:\/\/atanga.de\/wp-content\/uploads\/2016\/05\/D-Ring-auf-die-Wulst-geklebt-768x672.jpg 768w, https:\/\/atanga.de\/wp-content\/uploads\/2016\/05\/D-Ring-auf-die-Wulst-geklebt-624x546.jpg 624w\" sizes=\"(max-width: 800px) 100vw, 800px\" \/><\/p>\n<p>D-Ring auf die Wulst geklebt<\/p>\n<p><strong><strong>\u00a0<\/strong><\/strong><\/p>\n<h2><small>5. Fehler- und Pfusch-Beseitigung<br \/>\n<\/small><\/h2>\n<p>Wer etwas Vergleichbares noch nie gen\u00e4ht hat, bekommt sicherlich nicht auf Anhieb eine perfekte Passform hin. So war es zumindest bei uns.<br \/>\nDen falschen Sitz vorne in der Rundung haben wir ganz pragmatisch korrigiert.<br \/>\nDurch den Einsatz von zwei Keilen konnten wir den etwas strammen Sitz und eine falsche Falte gleichzeitig korrigieren.<\/p>\n<div class=\"mceTemp\">\n<p><img decoding=\"async\" class=\"size-large wp-image-6084\" src=\"https:\/\/atanga.de\/wp-content\/uploads\/2016\/05\/Pfusch-Keile-1038x768.jpg\" alt=\"Pfusch-vertusch-Keile\" width=\"625\" height=\"462\" srcset=\"https:\/\/atanga.de\/wp-content\/uploads\/2016\/05\/Pfusch-Keile-1038x768.jpg 1038w, https:\/\/atanga.de\/wp-content\/uploads\/2016\/05\/Pfusch-Keile-300x222.jpg 300w, https:\/\/atanga.de\/wp-content\/uploads\/2016\/05\/Pfusch-Keile-768x568.jpg 768w, https:\/\/atanga.de\/wp-content\/uploads\/2016\/05\/Pfusch-Keile-624x462.jpg 624w, https:\/\/atanga.de\/wp-content\/uploads\/2016\/05\/Pfusch-Keile.jpg 1567w\" sizes=\"(max-width: 625px) 100vw, 625px\" \/><\/p>\n<p>Pfusch-vertusch-Keile<\/p>\n<\/div>\n<p>&nbsp;<\/p>\n<p>Viel Spa\u00df und Erfolg beim N\u00e4hen des eigenen Dinghi Covers.<br \/>\nAuf englisch haben wir noch eine vergleichbare, inspirierende Anleitung gefunden: <a href=\"http:\/\/www.cruiserswiki.org\/wiki\/Dinghy_Cover\" target=\"_blank\">Klick<\/a><\/p>\n<div class=\"mceTemp\">\n<p><img decoding=\"async\" class=\"wp-image-6081 size-full\" src=\"https:\/\/atanga.de\/wp-content\/uploads\/2016\/05\/Nicht-perfekt-aber-wir-sind-sehr-stolz.jpg\" alt=\"Nicht perfekt, aber wir sind sehr zufrieden\" width=\"2816\" height=\"2112\" \/><\/p>\n<p>Nicht perfekt, aber wir sind sehr zufrieden<\/p>\n<\/div>\n<div class=\"pld-like-dislike-wrap pld-template-1\">\r\n    <div class=\"pld-like-wrap  pld-common-wrap\">\r\n    <a href=\"javascript:void(0)\" class=\"pld-like-trigger pld-like-dislike-trigger  \" title=\"gef\u00e4llt mir\" data-post-id=\"6073\" data-trigger-type=\"like\" data-restriction=\"cookie\" data-already-liked=\"0\">\r\n                        <i class=\"fas fa-thumbs-up\"><\/i>\r\n                <\/a>\r\n    <span class=\"pld-like-count-wrap pld-count-wrap\">25    <\/span>\r\n<\/div><div class=\"pld-dislike-wrap  pld-common-wrap\">\r\n    <a href=\"javascript:void(0)\" class=\"pld-dislike-trigger pld-like-dislike-trigger  \" title=\"doof\" data-post-id=\"6073\" data-trigger-type=\"dislike\" data-restriction=\"cookie\" data-already-liked=\"0\">\r\n                        <i class=\"fas fa-thumbs-down\"><\/i>\r\n                <\/a>\r\n    <span class=\"pld-dislike-count-wrap pld-count-wrap\"><\/span>\r\n<\/div><\/div>","protected":false},"excerpt":{"rendered":"<p>\u00a0 Schlauchboot Abdeckung selber n\u00e4hen Um die Wahrheit zu sagen, das ist ein gro\u00dfes Projekt. Wer aber mit der N\u00e4hmaschine gerade N\u00e4hte n\u00e4hen kann, braucht keine weiteren Kenntnisse. Etwas Mut und Ausdauer schaden allerdings nicht. Wir haben uns ohne gro\u00dfe N\u00e4herfahrung getraut&#8230; \u00a0 1. Schnittmuster Wir brauchen ein Schnittmuster aus Papier, um passende Teile aus [&hellip;]<\/p>\n","protected":false},"author":4,"featured_media":0,"parent":0,"menu_order":0,"comment_status":"closed","ping_status":"closed","template":"","meta":{"footnotes":""},"class_list":["post-6073","page","type-page","status-publish","hentry"],"_links":{"self":[{"href":"https:\/\/atanga.de\/index.php?rest_route=\/wp\/v2\/pages\/6073","targetHints":{"allow":["GET"]}}],"collection":[{"href":"https:\/\/atanga.de\/index.php?rest_route=\/wp\/v2\/pages"}],"about":[{"href":"https:\/\/atanga.de\/index.php?rest_route=\/wp\/v2\/types\/page"}],"author":[{"embeddable":true,"href":"https:\/\/atanga.de\/index.php?rest_route=\/wp\/v2\/users\/4"}],"replies":[{"embeddable":true,"href":"https:\/\/atanga.de\/index.php?rest_route=%2Fwp%2Fv2%2Fcomments&post=6073"}],"version-history":[{"count":18,"href":"https:\/\/atanga.de\/index.php?rest_route=\/wp\/v2\/pages\/6073\/revisions"}],"predecessor-version":[{"id":6110,"href":"https:\/\/atanga.de\/index.php?rest_route=\/wp\/v2\/pages\/6073\/revisions\/6110"}],"wp:attachment":[{"href":"https:\/\/atanga.de\/index.php?rest_route=%2Fwp%2Fv2%2Fmedia&parent=6073"}],"curies":[{"name":"wp","href":"https:\/\/api.w.org\/{rel}","templated":true}]}}