{"id":7015,"date":"2016-10-21T14:18:54","date_gmt":"2016-10-21T14:18:54","guid":{"rendered":"http:\/\/atanga.de\/?page_id=7015"},"modified":"2019-08-23T01:20:09","modified_gmt":"2019-08-23T01:20:09","slug":"wo-ist-es-am-teuersten","status":"publish","type":"page","link":"https:\/\/atanga.de\/?page_id=7015","title":{"rendered":"Wo ist Lebensmittel bunkern am g\u00fcnstigsten?"},"content":{"rendered":"<!-- PMB print buttons is only displayed on a single post\/page URLs--><p>Alle sagen, die Karibik sei teuer. Ist das nur gef\u00fchlt so oder stimmt das? Es stimmt!<\/p>\n<p>Wir haben einen &#8222;Warenkorb&#8220; mit Lebensmitteln und non-Food-Artikeln zusammen gestellt,\u00a0die praktisch \u00a0jeder kauft. Die Preise dieser Artikel sind ins Verh\u00e4ltnis zu denen in Deutschland gesetzt. Daraus haben wir einen Durchschnittswert errechnet.<\/p>\n<p>Dieser Wert gibt mehr als ein &#8222;Gef\u00fchl&#8220;, wo es am teuersten ist.<\/p>\n<p>Diese Betrachtungsweise h\u00e4lt den Anforderungen an den Warenkorb des &#8218;Statistischen Bundesamt&#8216; nicht statt. Das kann, und soll, die Tabelle nicht leisten.<br \/>\nSie gibt aber\u00a0einen belastbaren \u00dcberblick auf die teuren Regionen.<\/p>\n<p><em><strong>Preise: Kap Verden, Franz. Guyana, kleine Antillen<\/strong><\/em><\/p>\n<p><img decoding=\"async\" alt=\"Peisvergleich-1-1038x905\"  class=\"alignleft wp-image-7033 size-large\" src=\"https:\/\/atanga.de\/wp-content\/uploads\/2016\/10\/Peisvergleich-1-1038x905.jpg\" width=\"625\" height=\"545\" srcset=\"https:\/\/atanga.de\/wp-content\/uploads\/2016\/10\/Peisvergleich-1-1038x905.jpg 1038w, https:\/\/atanga.de\/wp-content\/uploads\/2016\/10\/Peisvergleich-1-300x262.jpg 300w, https:\/\/atanga.de\/wp-content\/uploads\/2016\/10\/Peisvergleich-1-768x670.jpg 768w, https:\/\/atanga.de\/wp-content\/uploads\/2016\/10\/Peisvergleich-1-624x544.jpg 624w, https:\/\/atanga.de\/wp-content\/uploads\/2016\/10\/Peisvergleich-1.jpg 1315w\" sizes=\"(max-width: 625px) 100vw, 625px\" \/><\/p>\n<p>&nbsp;<\/p>\n<p><strong>Preise: Kleine Antillen\u00a0<\/strong><\/p>\n<p><a class=\"boxersandswipers\" title=\"Preisvergleich-2\" href=\"https:\/\/atanga.de\/wp-content\/uploads\/2016\/10\/Preisvergleich-2.jpg\"><img decoding=\"async\" class=\"alignleft wp-image-7032 size-large\" src=\"https:\/\/atanga.de\/wp-content\/uploads\/2016\/10\/Preisvergleich-2-1038x905.jpg\" alt=\"\" width=\"625\" height=\"545\" srcset=\"https:\/\/atanga.de\/wp-content\/uploads\/2016\/10\/Preisvergleich-2-1038x905.jpg 1038w, https:\/\/atanga.de\/wp-content\/uploads\/2016\/10\/Preisvergleich-2-300x262.jpg 300w, https:\/\/atanga.de\/wp-content\/uploads\/2016\/10\/Preisvergleich-2-768x670.jpg 768w, https:\/\/atanga.de\/wp-content\/uploads\/2016\/10\/Preisvergleich-2-624x544.jpg 624w, https:\/\/atanga.de\/wp-content\/uploads\/2016\/10\/Preisvergleich-2.jpg 1315w\" sizes=\"(max-width: 625px) 100vw, 625px\" \/><\/a><\/p>\n<p>&nbsp;<\/p>\n<p>&nbsp;<\/p>\n<p>&nbsp;<\/p>\n<p>&nbsp;<\/p>\n<p><em><strong>Preise: ABC-Inseln, Puerto Rico, Mexiko, Belize<\/strong><\/em><\/p>\n<p><a class=\"boxersandswipers\" title=\"Preis-Index\" href=\"https:\/\/atanga.de\/wp-content\/uploads\/2016\/10\/Preis-Index.jpg\"><img decoding=\"async\" class=\"alignleft wp-image-132465 size-large\" src=\"https:\/\/atanga.de\/wp-content\/uploads\/2016\/10\/Preis-Index-1038x937.jpg\" alt=\"\" width=\"625\" height=\"564\" srcset=\"https:\/\/atanga.de\/wp-content\/uploads\/2016\/10\/Preis-Index-1038x937.jpg 1038w, https:\/\/atanga.de\/wp-content\/uploads\/2016\/10\/Preis-Index-300x271.jpg 300w, https:\/\/atanga.de\/wp-content\/uploads\/2016\/10\/Preis-Index-768x693.jpg 768w, https:\/\/atanga.de\/wp-content\/uploads\/2016\/10\/Preis-Index-624x563.jpg 624w, https:\/\/atanga.de\/wp-content\/uploads\/2016\/10\/Preis-Index.jpg 1315w\" sizes=\"(max-width: 625px) 100vw, 625px\" \/><\/a><\/p>\n<p>&nbsp;<\/p>\n<p>&nbsp;<\/p>\n<p>&nbsp;<\/p>\n<p>&nbsp;<\/p>\n<p><em><strong>Preise: Kolumbien (Providencia\/Santa Marta), Panama, Ecuador<\/strong><\/em><\/p>\n<p><img decoding=\"async\" class=\"alignnone wp-image-135171 size-large\" src=\"https:\/\/atanga.de\/wp-content\/uploads\/2018\/12\/Preis-Index-999x1038.jpg\" alt=\"\" width=\"625\" height=\"649\" srcset=\"https:\/\/atanga.de\/wp-content\/uploads\/2018\/12\/Preis-Index-999x1038.jpg 999w, https:\/\/atanga.de\/wp-content\/uploads\/2018\/12\/Preis-Index-289x300.jpg 289w, https:\/\/atanga.de\/wp-content\/uploads\/2018\/12\/Preis-Index-768x798.jpg 768w, https:\/\/atanga.de\/wp-content\/uploads\/2018\/12\/Preis-Index-624x648.jpg 624w, https:\/\/atanga.de\/wp-content\/uploads\/2018\/12\/Preis-Index.jpg 1123w\" sizes=\"(max-width: 625px) 100vw, 625px\" \/><\/p>\n<p><strong>Preise: Franz\u00f6sisch Polynesien<\/strong><\/p>\n<div id=\"attachment_136075\" style=\"width: 635px\" class=\"wp-caption alignnone\"><img decoding=\"async\" aria-describedby=\"caption-attachment-136075\" class=\"wp-image-136075 size-large\" src=\"https:\/\/atanga.de\/wp-content\/uploads\/2019\/08\/Preisindex-Franz\u00f6sisch-Polynesien-838x1038.jpg\" alt=\"\" width=\"625\" height=\"774\" srcset=\"https:\/\/atanga.de\/wp-content\/uploads\/2019\/08\/Preisindex-Franz\u00f6sisch-Polynesien-838x1038.jpg 838w, https:\/\/atanga.de\/wp-content\/uploads\/2019\/08\/Preisindex-Franz\u00f6sisch-Polynesien-242x300.jpg 242w, https:\/\/atanga.de\/wp-content\/uploads\/2019\/08\/Preisindex-Franz\u00f6sisch-Polynesien-768x951.jpg 768w, https:\/\/atanga.de\/wp-content\/uploads\/2019\/08\/Preisindex-Franz\u00f6sisch-Polynesien-624x773.jpg 624w, https:\/\/atanga.de\/wp-content\/uploads\/2019\/08\/Preisindex-Franz\u00f6sisch-Polynesien.jpg 942w\" sizes=\"(max-width: 625px) 100vw, 625px\" \/><p id=\"caption-attachment-136075\" class=\"wp-caption-text\">Preisindex Franz\u00f6sisch Polynesien<\/p><\/div>\n<p>&nbsp;<\/p>\n<p>Alle Preise sind zum Tageskurs in EURO umgerechnet.<br \/>\nBei no-Name Produkten wurde das g\u00fcnstigste Angebot aus dem g\u00fcnstigsten Supermarkt gew\u00e4hlt. Sonderangebote wurden nicht beachtet.<br \/>\nAbweichende Gebinde wurden auf die, in der Tabelle angegebenen, Menge umgerechnet.<\/p>\n<div class=\"pld-like-dislike-wrap pld-template-1\">\r\n    <div class=\"pld-like-wrap  pld-common-wrap\">\r\n    <a href=\"javascript:void(0)\" class=\"pld-like-trigger pld-like-dislike-trigger  \" title=\"gef\u00e4llt mir\" data-post-id=\"7015\" data-trigger-type=\"like\" data-restriction=\"cookie\" data-already-liked=\"0\">\r\n                        <i class=\"fas fa-thumbs-up\"><\/i>\r\n                <\/a>\r\n    <span class=\"pld-like-count-wrap pld-count-wrap\">15    <\/span>\r\n<\/div><div class=\"pld-dislike-wrap  pld-common-wrap\">\r\n    <a href=\"javascript:void(0)\" class=\"pld-dislike-trigger pld-like-dislike-trigger  \" title=\"doof\" data-post-id=\"7015\" data-trigger-type=\"dislike\" data-restriction=\"cookie\" data-already-liked=\"0\">\r\n                        <i class=\"fas fa-thumbs-down\"><\/i>\r\n                <\/a>\r\n    <span class=\"pld-dislike-count-wrap pld-count-wrap\">3<\/span>\r\n<\/div><\/div>","protected":false},"excerpt":{"rendered":"<p>Alle sagen, die Karibik sei teuer. Ist das nur gef\u00fchlt so oder stimmt das? Es stimmt! Wir haben einen &#8222;Warenkorb&#8220; mit Lebensmitteln und non-Food-Artikeln zusammen gestellt,\u00a0die praktisch \u00a0jeder kauft. Die Preise dieser Artikel sind ins Verh\u00e4ltnis zu denen in Deutschland gesetzt. Daraus haben wir einen Durchschnittswert errechnet. Dieser Wert gibt mehr als ein &#8222;Gef\u00fchl&#8220;, wo [&hellip;]<\/p>\n","protected":false},"author":4,"featured_media":0,"parent":0,"menu_order":0,"comment_status":"closed","ping_status":"closed","template":"","meta":{"footnotes":""},"class_list":["post-7015","page","type-page","status-publish","hentry"],"_links":{"self":[{"href":"https:\/\/atanga.de\/index.php?rest_route=\/wp\/v2\/pages\/7015","targetHints":{"allow":["GET"]}}],"collection":[{"href":"https:\/\/atanga.de\/index.php?rest_route=\/wp\/v2\/pages"}],"about":[{"href":"https:\/\/atanga.de\/index.php?rest_route=\/wp\/v2\/types\/page"}],"author":[{"embeddable":true,"href":"https:\/\/atanga.de\/index.php?rest_route=\/wp\/v2\/users\/4"}],"replies":[{"embeddable":true,"href":"https:\/\/atanga.de\/index.php?rest_route=%2Fwp%2Fv2%2Fcomments&post=7015"}],"version-history":[{"count":29,"href":"https:\/\/atanga.de\/index.php?rest_route=\/wp\/v2\/pages\/7015\/revisions"}],"predecessor-version":[{"id":135170,"href":"https:\/\/atanga.de\/index.php?rest_route=\/wp\/v2\/pages\/7015\/revisions\/135170"}],"wp:attachment":[{"href":"https:\/\/atanga.de\/index.php?rest_route=%2Fwp%2Fv2%2Fmedia&parent=7015"}],"curies":[{"name":"wp","href":"https:\/\/api.w.org\/{rel}","templated":true}]}}