{"id":766,"date":"2011-12-25T07:05:36","date_gmt":"2011-12-25T07:05:36","guid":{"rendered":"http:\/\/www.willner-hh.de\/WordPress\/wordpress\/?page_id=2"},"modified":"2017-09-17T15:31:44","modified_gmt":"2017-09-17T15:31:44","slug":"sample-page-2","status":"publish","type":"page","link":"https:\/\/atanga.de\/?page_id=766","title":{"rendered":"Atanga"},"content":{"rendered":"<!-- PMB print buttons is only displayed on a single post\/page URLs--><p><a class=\"boxersandswipers\" class=\"boxersandswipers\" href=\"https:\/\/atanga.de\/wp-content\/uploads\/2009\/04\/P10002081.jpg\"><img decoding=\"async\" class=\"alignnone size-full wp-image-805\" src=\"https:\/\/atanga.de\/wp-content\/uploads\/2009\/04\/P10002081.jpg\" alt=\"\" width=\"800\" height=\"534\" srcset=\"https:\/\/atanga.de\/wp-content\/uploads\/2009\/04\/P10002081.jpg 800w, https:\/\/atanga.de\/wp-content\/uploads\/2009\/04\/P10002081-300x200.jpg 300w, https:\/\/atanga.de\/wp-content\/uploads\/2009\/04\/P10002081-624x416.jpg 624w\" sizes=\"(max-width: 800px) 100vw, 800px\" \/><\/a><\/p>\n<div>\n<table border=\"1\" cellspacing=\"0\" cellpadding=\"0\">\n<tbody>\n<tr>\n<td valign=\"top\" width=\"307\">Name<\/td>\n<td valign=\"top\" width=\"307\">Atanga<\/td>\n<\/tr>\n<tr>\n<td valign=\"top\" width=\"307\">Typ<\/td>\n<td valign=\"top\" width=\"307\">Hanseat 42<\/td>\n<\/tr>\n<tr>\n<td valign=\"top\" width=\"307\">Heimathafen<\/td>\n<td valign=\"top\" width=\"307\">Hamburg<\/td>\n<\/tr>\n<tr>\n<td valign=\"top\" width=\"307\">Rumpf<\/td>\n<td valign=\"top\" width=\"307\">GFK<\/td>\n<\/tr>\n<tr>\n<td valign=\"top\" width=\"307\">Baujahr \/ Nr<\/td>\n<td valign=\"top\" width=\"307\">1989 \/ 346<\/td>\n<\/tr>\n<tr>\n<td valign=\"top\" width=\"307\">Refit<\/td>\n<td valign=\"top\" width=\"307\">2009-<\/td>\n<\/tr>\n<tr>\n<td valign=\"top\" width=\"307\">L\u00fcA<\/td>\n<td valign=\"top\" width=\"307\">13m<\/td>\n<\/tr>\n<tr>\n<td valign=\"top\" width=\"307\">LWL<\/td>\n<td valign=\"top\" width=\"307\">11,09m<\/td>\n<\/tr>\n<tr>\n<td valign=\"top\" width=\"307\">Breite<\/td>\n<td valign=\"top\" width=\"307\">4m<\/td>\n<\/tr>\n<tr>\n<td valign=\"top\" width=\"307\">Tiefgang<\/td>\n<td valign=\"top\" width=\"307\">1,90m<\/td>\n<\/tr>\n<tr>\n<td valign=\"top\" width=\"307\">Segelfl\u00e4che<\/td>\n<td valign=\"top\" width=\"307\">85m\u00b2<\/td>\n<\/tr>\n<tr>\n<td valign=\"top\" width=\"307\">Maschine<\/td>\n<td valign=\"top\" width=\"307\">Yanmar Diesel, LHTE, 105PS<\/td>\n<\/tr>\n<tr>\n<td valign=\"top\" width=\"307\">MMSI<\/td>\n<td valign=\"top\" width=\"307\">211467870<\/td>\n<\/tr>\n<tr>\n<td valign=\"top\" width=\"307\">Rufzeichen (UKW)<\/td>\n<td valign=\"top\" width=\"307\">DLEJ<\/td>\n<\/tr>\n<tr>\n<td valign=\"top\" width=\"307\">\u00a0Rufzeichen (AFU)<\/td>\n<td valign=\"top\" width=\"307\">\u00a0DL2EJ<\/td>\n<\/tr>\n<\/tbody>\n<\/table>\n<\/div>\n<p><strong>Atanga&#8217;s Geschichte<\/strong><\/p>\n<p><span style=\"text-decoration: underline;\">Folkwang (1989-99)<\/span><\/p>\n<p>Gebaut wurde die Hanseat 42\u00a0in Gl\u00fcckstadt von der Amus Weft f\u00fcr eine Segelschule. Ungef\u00e4hr 10 Jahre lief sie dann unter dem Namen Folkwang. \u00dcber die Qualit\u00e4t der Schiffe dieser Werft gibt es wenig geteilte Meinungen. Toll verarbeitet, robust und langlebig. Einem Vergleich mit Schiffen namenhafter Schwedischer Werften kann sich dieses Schiff immer stellen.<\/p>\n<p><a class=\"boxersandswipers\" title=\"Folkwang\" href=\"https:\/\/atanga.de\/wp-content\/uploads\/2011\/12\/Folkwang.jpg\"><img decoding=\"async\" class=\"alignnone size-full wp-image-963\" src=\"https:\/\/atanga.de\/wp-content\/uploads\/2011\/12\/Folkwang.jpg\" alt=\"Folkwang\" width=\"540\" height=\"800\" srcset=\"https:\/\/atanga.de\/wp-content\/uploads\/2011\/12\/Folkwang.jpg 540w, https:\/\/atanga.de\/wp-content\/uploads\/2011\/12\/Folkwang-202x300.jpg 202w\" sizes=\"(max-width: 540px) 100vw, 540px\" \/><\/a><\/p>\n<p><a class=\"boxersandswipers\" title=\"Hanseat Urkunde\" href=\"https:\/\/atanga.de\/wp-content\/uploads\/2011\/12\/Hanseat-Urkunde.jpg\"><img decoding=\"async\" class=\"alignnone size-full wp-image-966\" src=\"https:\/\/atanga.de\/wp-content\/uploads\/2011\/12\/Hanseat-Urkunde.jpg\" alt=\"Hanseat Urkunde\" width=\"611\" height=\"800\" srcset=\"https:\/\/atanga.de\/wp-content\/uploads\/2011\/12\/Hanseat-Urkunde.jpg 611w, https:\/\/atanga.de\/wp-content\/uploads\/2011\/12\/Hanseat-Urkunde-229x300.jpg 229w\" sizes=\"(max-width: 611px) 100vw, 611px\" \/><\/a><\/p>\n<p><span style=\"text-decoration: underline;\">Nordlicht (1999-2009)<\/span><\/p>\n<p>Die n\u00e4chsten 10 Jahre lief der Hanseat dann unter dem Namen <em>Nordlicht<\/em>.<\/p>\n<p>Optisch unterschied sich das Original deutlich von dem Schiff, zu dem es von unserem Voreigner gemacht wurde.<\/p>\n<ul>\n<li>das Deckshaus ist einer &#8222;Yacht typischeren&#8220; Optik gewichen<\/li>\n<li>2. Vorstag<\/li>\n<li>Badeplattform<\/li>\n<li>Windsteueranlage<\/li>\n<li>elektrische Ankerwinsch auf dem Vordeck<\/li>\n<\/ul>\n<p><a class=\"boxersandswipers\" href=\"https:\/\/atanga.de\/wp-content\/uploads\/2009\/03\/Atanga1.jpg\"><img decoding=\"async\" class=\"alignnone size-full wp-image-782\" src=\"https:\/\/atanga.de\/wp-content\/uploads\/2009\/03\/Atanga1.jpg\" alt=\"OLYMPUS DIGITAL CAMERA\" width=\"800\" height=\"599\" srcset=\"https:\/\/atanga.de\/wp-content\/uploads\/2009\/03\/Atanga1.jpg 800w, https:\/\/atanga.de\/wp-content\/uploads\/2009\/03\/Atanga1-300x224.jpg 300w, https:\/\/atanga.de\/wp-content\/uploads\/2009\/03\/Atanga1-624x467.jpg 624w\" sizes=\"(max-width: 800px) 100vw, 800px\" \/><\/a><\/p>\n<p><a class=\"boxersandswipers\" class=\"boxersandswipers\" href=\"https:\/\/atanga.de\/wp-content\/uploads\/2009\/04\/P10002081.jpg\">\u00a0<\/a><\/p>\n<p>&nbsp;<\/p>\n<p>&nbsp;<\/p>\n<p>&nbsp;<\/p>\n<div class=\"pld-like-dislike-wrap pld-template-1\">\r\n    <div class=\"pld-like-wrap  pld-common-wrap\">\r\n    <a href=\"javascript:void(0)\" class=\"pld-like-trigger pld-like-dislike-trigger  \" title=\"gef\u00e4llt mir\" data-post-id=\"766\" data-trigger-type=\"like\" data-restriction=\"cookie\" data-already-liked=\"0\">\r\n                        <i class=\"fas fa-thumbs-up\"><\/i>\r\n                <\/a>\r\n    <span class=\"pld-like-count-wrap pld-count-wrap\">21    <\/span>\r\n<\/div><div class=\"pld-dislike-wrap  pld-common-wrap\">\r\n    <a href=\"javascript:void(0)\" class=\"pld-dislike-trigger pld-like-dislike-trigger  \" title=\"doof\" data-post-id=\"766\" data-trigger-type=\"dislike\" data-restriction=\"cookie\" data-already-liked=\"0\">\r\n                        <i class=\"fas fa-thumbs-down\"><\/i>\r\n                <\/a>\r\n    <span class=\"pld-dislike-count-wrap pld-count-wrap\">3<\/span>\r\n<\/div><\/div>","protected":false},"excerpt":{"rendered":"<p>Name Atanga Typ Hanseat 42 Heimathafen Hamburg Rumpf GFK Baujahr \/ Nr 1989 \/ 346 Refit 2009- L\u00fcA 13m LWL 11,09m Breite 4m Tiefgang 1,90m Segelfl\u00e4che 85m\u00b2 Maschine Yanmar Diesel, LHTE, 105PS MMSI 211467870 Rufzeichen (UKW) DLEJ \u00a0Rufzeichen (AFU) \u00a0DL2EJ Atanga&#8217;s Geschichte Folkwang (1989-99) Gebaut wurde die Hanseat 42\u00a0in Gl\u00fcckstadt von der Amus Weft f\u00fcr [&hellip;]<\/p>\n","protected":false},"author":2,"featured_media":0,"parent":0,"menu_order":1,"comment_status":"open","ping_status":"open","template":"","meta":{"footnotes":""},"class_list":["post-766","page","type-page","status-publish","hentry"],"_links":{"self":[{"href":"https:\/\/atanga.de\/index.php?rest_route=\/wp\/v2\/pages\/766","targetHints":{"allow":["GET"]}}],"collection":[{"href":"https:\/\/atanga.de\/index.php?rest_route=\/wp\/v2\/pages"}],"about":[{"href":"https:\/\/atanga.de\/index.php?rest_route=\/wp\/v2\/types\/page"}],"author":[{"embeddable":true,"href":"https:\/\/atanga.de\/index.php?rest_route=\/wp\/v2\/users\/2"}],"replies":[{"embeddable":true,"href":"https:\/\/atanga.de\/index.php?rest_route=%2Fwp%2Fv2%2Fcomments&post=766"}],"version-history":[{"count":4,"href":"https:\/\/atanga.de\/index.php?rest_route=\/wp\/v2\/pages\/766\/revisions"}],"predecessor-version":[{"id":133045,"href":"https:\/\/atanga.de\/index.php?rest_route=\/wp\/v2\/pages\/766\/revisions\/133045"}],"wp:attachment":[{"href":"https:\/\/atanga.de\/index.php?rest_route=%2Fwp%2Fv2%2Fmedia&parent=766"}],"curies":[{"name":"wp","href":"https:\/\/api.w.org\/{rel}","templated":true}]}}