{"id":99595,"date":"2017-01-13T18:21:37","date_gmt":"2017-01-13T18:21:37","guid":{"rendered":"http:\/\/atanga.de\/?page_id=99595"},"modified":"2017-01-20T16:20:38","modified_gmt":"2017-01-20T16:20:38","slug":"bonaire-vs-curacao-2017","status":"publish","type":"page","link":"https:\/\/atanga.de\/?page_id=99595","title":{"rendered":"Bonaire vs. Cura\u00e7ao 2017"},"content":{"rendered":"<!-- PMB print buttons is only displayed on a single post\/page URLs--><p><span style=\"color: #000000; font-family: Calibri; font-size: medium;\">Die ABC-Inseln gelten als Hurrikan frei und bieten eine gute Alternative zu Grenada, Tobago und Trinidad die Hurrikan-Saison zu \u00fcbersommern.<br \/>\nAber welche der Inseln ist die Attraktivere?<\/span><\/p>\n<p><span style=\"color: #000000; font-family: Calibri; font-size: medium;\">Subjektiv &#8211; f\u00fcr uns ist es Bonaire.<\/span><\/p>\n<p>Den Ausschlag gibt der Komfort. W\u00e4hrend in Bonaire alles zu Fu\u00df zu erreichen ist, hat man am Anker in Spanish Water kaum Infrastruktur. Man ist auf die nur st\u00fcndlich oder seltener verkehrenden Busse angewiesen, um nach Willemstad zu gelangen.<\/p>\n<p><span style=\"color: #000000; font-family: Calibri; font-size: medium;\">Das Ankern direkt \u00fcber dem Aquarium von Bonaire ist ziemlich einmalig in der Karibik. Das Wasser ist glasklar bis auf 10 Meter. Der zweite Grund, Bonaire\u00a0den Vorzug zu geben.<\/span><\/p>\n<p>Zur eigenen Entscheidungshilfe hier ein paar objektive Eckdaten beider Inseln.<\/p>\n<div id=\"attachment_99655\" style=\"width: 489px\" class=\"wp-caption alignleft\"><img decoding=\"async\" aria-describedby=\"caption-attachment-99655\" class=\"size-large wp-image-99655\" src=\"https:\/\/atanga.de\/wp-content\/uploads\/2017\/01\/Bonaire-vs.-Cura\u00e7ao-1-479x1038.jpg\" alt=\"Bonaire vs. Cura\u00e7ao\" width=\"479\" height=\"1038\" srcset=\"https:\/\/atanga.de\/wp-content\/uploads\/2017\/01\/Bonaire-vs.-Cura\u00e7ao-1-479x1038.jpg 479w, https:\/\/atanga.de\/wp-content\/uploads\/2017\/01\/Bonaire-vs.-Cura\u00e7ao-1-139x300.jpg 139w, https:\/\/atanga.de\/wp-content\/uploads\/2017\/01\/Bonaire-vs.-Cura\u00e7ao-1-624x1351.jpg 624w, https:\/\/atanga.de\/wp-content\/uploads\/2017\/01\/Bonaire-vs.-Cura\u00e7ao-1.jpg 722w\" sizes=\"(max-width: 479px) 100vw, 479px\" \/><p id=\"caption-attachment-99655\" class=\"wp-caption-text\">Bonaire vs. Cura\u00e7ao<\/p><\/div>\n<p>&nbsp;<\/p>\n<div class=\"pld-like-dislike-wrap pld-template-1\">\r\n    <div class=\"pld-like-wrap  pld-common-wrap\">\r\n    <a href=\"javascript:void(0)\" class=\"pld-like-trigger pld-like-dislike-trigger  \" title=\"gef\u00e4llt mir\" data-post-id=\"99595\" data-trigger-type=\"like\" data-restriction=\"cookie\" data-already-liked=\"0\">\r\n                        <i class=\"fas fa-thumbs-up\"><\/i>\r\n                <\/a>\r\n    <span class=\"pld-like-count-wrap pld-count-wrap\">    <\/span>\r\n<\/div><div class=\"pld-dislike-wrap  pld-common-wrap\">\r\n    <a href=\"javascript:void(0)\" class=\"pld-dislike-trigger pld-like-dislike-trigger  \" title=\"doof\" data-post-id=\"99595\" data-trigger-type=\"dislike\" data-restriction=\"cookie\" data-already-liked=\"0\">\r\n                        <i class=\"fas fa-thumbs-down\"><\/i>\r\n                <\/a>\r\n    <span class=\"pld-dislike-count-wrap pld-count-wrap\"><\/span>\r\n<\/div><\/div>","protected":false},"excerpt":{"rendered":"<p>Die ABC-Inseln gelten als Hurrikan frei und bieten eine gute Alternative zu Grenada, Tobago und Trinidad die Hurrikan-Saison zu \u00fcbersommern. Aber welche der Inseln ist die Attraktivere? Subjektiv &#8211; f\u00fcr uns ist es Bonaire. Den Ausschlag gibt der Komfort. W\u00e4hrend in Bonaire alles zu Fu\u00df zu erreichen ist, hat man am Anker in Spanish Water [&hellip;]<\/p>\n","protected":false},"author":4,"featured_media":0,"parent":0,"menu_order":0,"comment_status":"closed","ping_status":"closed","template":"","meta":{"footnotes":""},"class_list":["post-99595","page","type-page","status-publish","hentry"],"_links":{"self":[{"href":"https:\/\/atanga.de\/index.php?rest_route=\/wp\/v2\/pages\/99595","targetHints":{"allow":["GET"]}}],"collection":[{"href":"https:\/\/atanga.de\/index.php?rest_route=\/wp\/v2\/pages"}],"about":[{"href":"https:\/\/atanga.de\/index.php?rest_route=\/wp\/v2\/types\/page"}],"author":[{"embeddable":true,"href":"https:\/\/atanga.de\/index.php?rest_route=\/wp\/v2\/users\/4"}],"replies":[{"embeddable":true,"href":"https:\/\/atanga.de\/index.php?rest_route=%2Fwp%2Fv2%2Fcomments&post=99595"}],"version-history":[{"count":6,"href":"https:\/\/atanga.de\/index.php?rest_route=\/wp\/v2\/pages\/99595\/revisions"}],"predecessor-version":[{"id":99659,"href":"https:\/\/atanga.de\/index.php?rest_route=\/wp\/v2\/pages\/99595\/revisions\/99659"}],"wp:attachment":[{"href":"https:\/\/atanga.de\/index.php?rest_route=%2Fwp%2Fv2%2Fmedia&parent=99595"}],"curies":[{"name":"wp","href":"https:\/\/api.w.org\/{rel}","templated":true}]}}