{"id":99793,"date":"2017-02-16T17:14:26","date_gmt":"2017-02-16T17:14:26","guid":{"rendered":"http:\/\/atanga.de\/?page_id=99793"},"modified":"2026-01-29T03:35:26","modified_gmt":"2026-01-29T03:35:26","slug":"videos","status":"publish","type":"page","link":"https:\/\/atanga.de\/?page_id=99793","title":{"rendered":"Videos"},"content":{"rendered":"<!-- PMB print buttons is only displayed on a single post\/page URLs--><h1>Unser Leben an Bord, bewegt und in Farbe.<br \/>\nSegel-Videos und spannende Landausfl\u00fcge.<\/h1>\n<p>&nbsp;<\/p>\n<p><iframe title=\"YouTube video player\" src=\"https:\/\/www.youtube-nocookie.com\/embed\/37phWsz8egE?si=CUI1DnVtIFsOS86Z\" width=\"560\" height=\"315\" style=\"border:0;\" allowfullscreen=\"allowfullscreen\" referrerpolicy=\"strict-origin-when-cross-origin\"><\/iframe><\/p>\n<p>&nbsp;<\/p>\n<p>#32 In 14 rund um Australien<br \/>\n<iframe title=\"YouTube video player\" src=\"https:\/\/www.youtube-nocookie.com\/embed\/2rvO37-C8Wc?si=l-te695ueIgkvgBR\" width=\"560\" height=\"315\" style=\"border:0;\" allowfullscreen=\"allowfullscreen\" referrerpolicy=\"strict-origin-when-cross-origin\"><\/iframe><\/p>\n<p>&nbsp;<\/p>\n<p>#31 Simpson Desert Crossing in Australien &#8211; f\u00fcnf Tage durch die W\u00fcste mit 4&#215;4<br \/>\n<iframe title=\"YouTube video player\" src=\"https:\/\/www.youtube-nocookie.com\/embed\/lGLbVz95GEw?si=X4hLo5584q3qiNjb\" width=\"560\" height=\"315\" style=\"border:0;\" allowfullscreen=\"allowfullscreen\" referrerpolicy=\"strict-origin-when-cross-origin\"><\/iframe><\/p>\n<p>&nbsp;<\/p>\n<p>#30 Segeln in Fiji &#8211; Lau Gruppe, Vanua Levu, Viti Levu<br \/>\n<iframe title=\"YouTube video player\" src=\"https:\/\/www.youtube-nocookie.com\/embed\/xJFPR_aLhbI?si=rBehOmrL_G6qC3Na\" width=\"560\" height=\"315\" style=\"border:0;\" allowfullscreen=\"allowfullscreen\" referrerpolicy=\"strict-origin-when-cross-origin\"><\/iframe><\/p>\n<p>&nbsp;<\/p>\n<p>#29 Von Neuseeland nach Fiji mit Stopp im Minerva Riff bei Flaute<br \/>\n<iframe title=\"YouTube video player\" src=\"https:\/\/www.youtube-nocookie.com\/embed\/i6PX9HdQUlQ?si=myJ8max8I9VI3H5P\" width=\"560\" height=\"315\" style=\"border:0;\" allowfullscreen=\"allowfullscreen\" referrerpolicy=\"strict-origin-when-cross-origin\"><\/iframe><\/p>\n<p>&nbsp;<\/p>\n<p>#28 Neuseeland mit Zelt und Pkw &#8211; Nordinsel Teil II<br \/>\n<iframe title=\"YouTube video player\" src=\"https:\/\/www.youtube-nocookie.com\/embed\/wOPcX8OrQyk\" width=\"560\" height=\"315\" style=\"border:0;\" allowfullscreen=\"allowfullscreen\" referrerpolicy=\"strict-origin-when-cross-origin\"><\/iframe><\/p>\n<p>&nbsp;<\/p>\n<p>#27 Rundreise Neuseeland &#8211; Nordinsel<br \/>\n<iframe title=\"YouTube video player\" src=\"https:\/\/www.youtube-nocookie.com\/embed\/gHsaqZMIp8Q\" width=\"560\" height=\"315\" style=\"border:0;\" allowfullscreen=\"allowfullscreen\" referrerpolicy=\"strict-origin-when-cross-origin\"><\/iframe><\/p>\n<p>&nbsp;<\/p>\n<p>#26 Rauer T\u00f6rn von Tahiti nach Neuseeland &#8211; 2423 Meilen mit bis 39 Knoten Wind<br \/>\n<iframe title=\"YouTube video player\" src=\"https:\/\/www.youtube-nocookie.com\/embed\/zsNl5JzU0N4\" width=\"560\" height=\"315\" style=\"border:0;\" allowfullscreen=\"allowfullscreen\" referrerpolicy=\"strict-origin-when-cross-origin\"><\/iframe><\/p>\n<p>&nbsp;<\/p>\n<p>#25 Bora Bora, Fakarava und Tahaa<br \/>\n<iframe title=\"YouTube video player\" src=\"https:\/\/www.youtube-nocookie.com\/embed\/TCY22TAjISE\" width=\"560\" height=\"315\" style=\"border:0;\" allowfullscreen=\"allowfullscreen\" referrerpolicy=\"strict-origin-when-cross-origin\"><\/iframe><\/p>\n<p>&nbsp;<\/p>\n<p>#24 Tauchen am S\u00fcdpass von Fakarava<br \/>\n<iframe title=\"YouTube video player\" src=\"https:\/\/www.youtube-nocookie.com\/embed\/BRcWSnTzSC0\" width=\"560\" height=\"315\" style=\"border:0;\" allowfullscreen=\"allowfullscreen\" referrerpolicy=\"strict-origin-when-cross-origin\"><\/iframe><\/p>\n<p>&nbsp;<\/p>\n<p>#23 Segeln von Moorea nach Huahine<br \/>\n<iframe title=\"YouTube video player\" src=\"https:\/\/www.youtube-nocookie.com\/embed\/xWJIcLiB9HE\" width=\"560\" height=\"315\" style=\"border:0;\" allowfullscreen=\"allowfullscreen\" referrerpolicy=\"strict-origin-when-cross-origin\"><\/iframe><\/p>\n<p>&nbsp;<\/p>\n<p>#22 Zwei Jahre S\u00fcdsee<br \/>\n<iframe title=\"YouTube video player\" src=\"https:\/\/www.youtube-nocookie.com\/embed\/-wx-tgiI7Qw\" width=\"560\" height=\"315\" style=\"border:0;\" allowfullscreen=\"allowfullscreen\" referrerpolicy=\"strict-origin-when-cross-origin\"><\/iframe><\/p>\n<p>&nbsp;<\/p>\n<p>#21 Segeln nach Moorea<br \/>\n<iframe src=\"https:\/\/www.youtube-nocookie.com\/embed\/VB4FXLSJFfQ\" width=\"560\" height=\"315\" style=\"border:0;\" allowfullscreen=\"allowfullscreen\" referrerpolicy=\"strict-origin-when-cross-origin\"><\/iframe><\/p>\n<p>&nbsp;<\/p>\n<p>#20 Von Hao nach Gambier &#8211; S\u00fcdseesegeln<br \/>\n<iframe src=\"https:\/\/www.youtube-nocookie.com\/embed\/eSCotKDqm9c\" width=\"560\" height=\"315\" style=\"border:0;\" allowfullscreen=\"allowfullscreen\" referrerpolicy=\"strict-origin-when-cross-origin\"><\/iframe><\/p>\n<p>&nbsp;<\/p>\n<p>#19 Von Tahiti nach Hao &#8211; Pazifiksegeln<br \/>\n<iframe src=\"https:\/\/www.youtube-nocookie.com\/embed\/URlsYaxZ7MU\" width=\"560\" height=\"315\" style=\"border:0;\" allowfullscreen=\"allowfullscreen\" referrerpolicy=\"strict-origin-when-cross-origin\"><\/iframe><\/p>\n<p>&nbsp;<\/p>\n<p>#18 Corona im Wandel der Zeit &#8211; eine Foto-Show erstellt mit den Fotos unserer Reise<br \/>\n<iframe src=\"https:\/\/www.youtube-nocookie.com\/embed\/bOsNHjxZAVE\" width=\"560\" height=\"315\" style=\"border:0;\" allowfullscreen=\"allowfullscreen\" referrerpolicy=\"strict-origin-when-cross-origin\"><\/iframe><\/p>\n<p>&nbsp;<\/p>\n<p>#17 Gambier &#8211; Kultur-Festival 2019<br \/>\n<iframe src=\"https:\/\/www.youtube-nocookie.com\/embed\/pKU5BCvj9_M\" width=\"560\" height=\"315\" style=\"border:0;\" allowfullscreen=\"allowfullscreen\" referrerpolicy=\"strict-origin-when-cross-origin\"><\/iframe><\/p>\n<p>&nbsp;<\/p>\n<p>#16 Rapa Nui &#8211; wundersch\u00f6ne Osterinsel<br \/>\n<iframe src=\"https:\/\/www.youtube-nocookie.com\/embed\/aBgY_htxgOI\" width=\"560\" height=\"315\" style=\"border:0;\" allowfullscreen=\"allowfullscreen\" referrerpolicy=\"strict-origin-when-cross-origin\"><\/iframe><\/p>\n<p>&nbsp;<\/p>\n<p>#15 Whale Watching vor Moorea<br \/>\n<iframe src=\"https:\/\/www.youtube-nocookie.com\/embed\/u2qYW8Z5PAQ\" width=\"560\" height=\"315\" style=\"border:0;\" allowfullscreen=\"allowfullscreen\" referrerpolicy=\"strict-origin-when-cross-origin\"><\/iframe><\/p>\n<p>&nbsp;<\/p>\n<p>#14 Pazifik \u00dcberquerung &#8211; von Ecuador zur Osterinsel<br \/>\n<iframe src=\"https:\/\/www.youtube-nocookie.com\/embed\/82YYz8SwS14\" width=\"560\" height=\"315\" style=\"border:0;\" allowfullscreen=\"allowfullscreen\" referrerpolicy=\"strict-origin-when-cross-origin\"><\/iframe><\/p>\n<p>&nbsp;<\/p>\n<p>#13 Ecuador Rundreise &#8211; Die Stra\u00dfe der Vulkane<br \/>\n<iframe src=\"https:\/\/www.youtube-nocookie.com\/embed\/tUXZb4I29H8\" width=\"560\" height=\"315\" style=\"border:0;\" allowfullscreen=\"allowfullscreen\" referrerpolicy=\"strict-origin-when-cross-origin\"><\/iframe><\/p>\n<p>&nbsp;<\/p>\n<p>#12 Panama &#8211; San Blas und Las Perlas<br \/>\n<iframe src=\"https:\/\/www.youtube-nocookie.com\/embed\/HyMbj4J_1u0\" width=\"560\" height=\"315\" style=\"border:0;\" allowfullscreen=\"allowfullscreen\" referrerpolicy=\"strict-origin-when-cross-origin\"><\/iframe><\/p>\n<p>&nbsp;<\/p>\n<p>#11 Mit dem Segelboot durch den Panama Kanal<br \/>\n<iframe src=\"https:\/\/www.youtube-nocookie.com\/embed\/TzFLtFIEsLw\" width=\"560\" height=\"315\" style=\"border:0;\" allowfullscreen=\"allowfullscreen\" referrerpolicy=\"strict-origin-when-cross-origin\"><\/iframe><\/p>\n<p>&nbsp;<\/p>\n<p>#10 Kolumbien Rundreise Teil 2 &#8211; Popayan, Silvia, Salento und Valle de Cocora<br \/>\n<iframe src=\"https:\/\/www.youtube-nocookie.com\/embed\/gZNWP16IgXQ\" width=\"560\" height=\"315\" style=\"border:0;\" allowfullscreen=\"allowfullscreen\" referrerpolicy=\"strict-origin-when-cross-origin\"><\/iframe><\/p>\n<p>&nbsp;<\/p>\n<p>#9 Kolumbien Rundreise Teil 1 &#8211; Tatacoa W\u00fcste und Tierradentro<br \/>\n<iframe src=\"https:\/\/www.youtube-nocookie.com\/embed\/zzDr601aCoc\" width=\"560\" height=\"315\" style=\"border:0;\" allowfullscreen=\"allowfullscreen\" referrerpolicy=\"strict-origin-when-cross-origin\"><\/iframe><\/p>\n<p>&nbsp;<\/p>\n<p>#8 Durch die Karibik &#8230; von Bonaire nach Mexiko<br \/>\n<iframe src=\"https:\/\/www.youtube-nocookie.com\/embed\/mUtQFjgt0iA\" width=\"560\" height=\"315\" style=\"border:0;\" allowfullscreen=\"allowfullscreen\" referrerpolicy=\"strict-origin-when-cross-origin\"><\/iframe><\/p>\n<p>&nbsp;<\/p>\n<p>#7 Rundreise durch Mexico<br \/>\n<iframe src=\"https:\/\/www.youtube-nocookie.com\/embed\/gMTZqKpRwwU\" width=\"560\" height=\"315\" style=\"border:0;\" allowfullscreen=\"allowfullscreen\" referrerpolicy=\"strict-origin-when-cross-origin\"><\/iframe><\/p>\n<p>&nbsp;<\/p>\n<p>#6 Nereid&#8217;s Regenwald Rally<br \/>\n<iframe src=\"https:\/\/www.youtube-nocookie.com\/embed\/TvYb6O4XWb0\" width=\"560\" height=\"315\" style=\"border:0;\" allowfullscreen=\"allowfullscreen\" referrerpolicy=\"strict-origin-when-cross-origin\"><\/iframe><\/p>\n<p>&nbsp;<\/p>\n<p>#5 &#8211; Drei Monate Grenada &#8211; 8\/2016<br \/>\n<iframe src=\"https:\/\/www.youtube-nocookie.com\/embed\/0_JymXgP09w\" width=\"560\" height=\"315\" style=\"border:0;\" allowfullscreen=\"allowfullscreen\" referrerpolicy=\"strict-origin-when-cross-origin\"><\/iframe><\/p>\n<p>&nbsp;<\/p>\n<p>#4 Tobago Cays &#8211; 5\/2016<br \/>\n<iframe src=\"https:\/\/www.youtube-nocookie.com\/embed\/nb6z7hjOFOE\" width=\"560\" height=\"315\" style=\"border:0;\" allowfullscreen=\"allowfullscreen\" referrerpolicy=\"strict-origin-when-cross-origin\"><\/iframe><\/p>\n<p>&nbsp;<\/p>\n<p>#3 Atlantik\u00fcberquerung &#8211; 2\/2016<br \/>\n<iframe src=\"https:\/\/www.youtube-nocookie.com\/embed\/NllEM9PxOps\" width=\"560\" height=\"315\" style=\"border:0;\" allowfullscreen=\"allowfullscreen\" referrerpolicy=\"strict-origin-when-cross-origin\"><\/iframe><\/p>\n<p>&nbsp;<\/p>\n<p>#2 Sandy Island &#8211; 5\/2016<br \/>\n<iframe src=\"https:\/\/www.youtube-nocookie.com\/embed\/wVtVCKOZvag\" width=\"560\" height=\"315\" style=\"border:0;\" allowfullscreen=\"allowfullscreen\" referrerpolicy=\"strict-origin-when-cross-origin\"><\/iframe><\/p>\n<p>&nbsp;<\/p>\n<p>#1 Tobago Cays &#8211; 5\/2016<br \/>\n<iframe src=\"https:\/\/www.youtube-nocookie.com\/embed\/m3F0e83Wi-c\" width=\"560\" height=\"315\" style=\"border:0;\" allowfullscreen=\"allowfullscreen\" referrerpolicy=\"strict-origin-when-cross-origin\"><\/iframe><\/p>\n<div class=\"pld-like-dislike-wrap pld-template-1\">\r\n    <div class=\"pld-like-wrap  pld-common-wrap\">\r\n    <a href=\"javascript:void(0)\" class=\"pld-like-trigger pld-like-dislike-trigger  \" title=\"gef\u00e4llt mir\" data-post-id=\"99793\" data-trigger-type=\"like\" data-restriction=\"cookie\" data-already-liked=\"0\">\r\n                        <i class=\"fas fa-thumbs-up\"><\/i>\r\n                <\/a>\r\n    <span class=\"pld-like-count-wrap pld-count-wrap\">4    <\/span>\r\n<\/div><div class=\"pld-dislike-wrap  pld-common-wrap\">\r\n    <a href=\"javascript:void(0)\" class=\"pld-dislike-trigger pld-like-dislike-trigger  \" title=\"doof\" data-post-id=\"99793\" data-trigger-type=\"dislike\" data-restriction=\"cookie\" data-already-liked=\"0\">\r\n                        <i class=\"fas fa-thumbs-down\"><\/i>\r\n                <\/a>\r\n    <span class=\"pld-dislike-count-wrap pld-count-wrap\"><\/span>\r\n<\/div><\/div>","protected":false},"excerpt":{"rendered":"<p>Unser Leben an Bord, bewegt und in Farbe. Segel-Videos und spannende Landausfl\u00fcge. &nbsp; &nbsp; #32 In 14 rund um Australien &nbsp; #31 Simpson Desert Crossing in Australien &#8211; f\u00fcnf Tage durch die W\u00fcste mit 4&#215;4 &nbsp; #30 Segeln in Fiji &#8211; Lau Gruppe, Vanua Levu, Viti Levu &nbsp; #29 Von Neuseeland nach Fiji mit Stopp [&hellip;]<\/p>\n","protected":false},"author":4,"featured_media":0,"parent":0,"menu_order":0,"comment_status":"closed","ping_status":"closed","template":"","meta":{"footnotes":""},"class_list":["post-99793","page","type-page","status-publish","hentry"],"_links":{"self":[{"href":"https:\/\/atanga.de\/index.php?rest_route=\/wp\/v2\/pages\/99793","targetHints":{"allow":["GET"]}}],"collection":[{"href":"https:\/\/atanga.de\/index.php?rest_route=\/wp\/v2\/pages"}],"about":[{"href":"https:\/\/atanga.de\/index.php?rest_route=\/wp\/v2\/types\/page"}],"author":[{"embeddable":true,"href":"https:\/\/atanga.de\/index.php?rest_route=\/wp\/v2\/users\/4"}],"replies":[{"embeddable":true,"href":"https:\/\/atanga.de\/index.php?rest_route=%2Fwp%2Fv2%2Fcomments&post=99793"}],"version-history":[{"count":44,"href":"https:\/\/atanga.de\/index.php?rest_route=\/wp\/v2\/pages\/99793\/revisions"}],"predecessor-version":[{"id":143076,"href":"https:\/\/atanga.de\/index.php?rest_route=\/wp\/v2\/pages\/99793\/revisions\/143076"}],"wp:attachment":[{"href":"https:\/\/atanga.de\/index.php?rest_route=%2Fwp%2Fv2%2Fmedia&parent=99793"}],"curies":[{"name":"wp","href":"https:\/\/api.w.org\/{rel}","templated":true}]}}